{"id":1204,"date":"2022-06-15T19:14:37","date_gmt":"2022-06-15T17:14:37","guid":{"rendered":"https:\/\/www.pianodirustano.it\/la-tenuta\/le-radici\/"},"modified":"2023-06-12T10:19:28","modified_gmt":"2023-06-12T08:19:28","slug":"les-racines","status":"publish","type":"page","link":"https:\/\/www.pianodirustano.it\/fr\/le-domaine\/les-racines\/","title":{"rendered":"Les Racines"},"content":{"rendered":"\t\t<div data-elementor-type=\"wp-page\" data-elementor-id=\"1204\" class=\"elementor elementor-1204\" data-elementor-post-type=\"page\">\n\t\t\t\t\t\t<section data-particle_enable=\"false\" data-particle-mobile-disabled=\"false\" class=\"elementor-section elementor-top-section elementor-element elementor-element-c24e7a8 elementor-section-height-min-height elementor-section-boxed elementor-section-height-default elementor-section-items-middle elementor-invisible\" data-id=\"c24e7a8\" data-element_type=\"section\" data-e-type=\"section\" data-settings=\"{&quot;background_background&quot;:&quot;classic&quot;,&quot;animation&quot;:&quot;fadeIn&quot;}\">\n\t\t\t\t\t\t\t<div class=\"elementor-background-overlay\"><\/div>\n\t\t\t\t\t\t\t<div class=\"elementor-container elementor-column-gap-default\">\n\t\t\t\t\t<div class=\"elementor-column elementor-col-100 elementor-top-column elementor-element elementor-element-f27cc9e\" data-id=\"f27cc9e\" data-element_type=\"column\" data-e-type=\"column\">\n\t\t\t<div class=\"elementor-widget-wrap elementor-element-populated\">\n\t\t\t\t\t\t<div class=\"elementor-element elementor-element-0ed3aa3 elementor-widget elementor-widget-spacer\" data-id=\"0ed3aa3\" data-element_type=\"widget\" data-e-type=\"widget\" data-widget_type=\"spacer.default\">\n\t\t\t\t<div class=\"elementor-widget-container\">\n\t\t\t\t\t\t\t<div class=\"elementor-spacer\">\n\t\t\t<div class=\"elementor-spacer-inner\"><\/div>\n\t\t<\/div>\n\t\t\t\t\t\t<\/div>\n\t\t\t\t<\/div>\n\t\t\t\t<div class=\"elementor-element elementor-element-bd57e50 elementor-widget elementor-widget-heading\" data-id=\"bd57e50\" data-element_type=\"widget\" data-e-type=\"widget\" data-widget_type=\"heading.default\">\n\t\t\t\t<div class=\"elementor-widget-container\">\n\t\t\t\t\t<h2 class=\"elementor-heading-title elementor-size-default\">LES BONNES TRADITIONS <BR \/>\nONT DES RACINES PROFONDES<\/h2>\t\t\t\t<\/div>\n\t\t\t\t<\/div>\n\t\t\t\t\t<\/div>\n\t\t<\/div>\n\t\t\t\t\t<\/div>\n\t\t<\/section>\n\t\t\t\t<section data-particle_enable=\"false\" data-particle-mobile-disabled=\"false\" class=\"elementor-section elementor-top-section elementor-element elementor-element-fb42e24 elementor-section-boxed elementor-section-height-default elementor-section-height-default\" data-id=\"fb42e24\" data-element_type=\"section\" data-e-type=\"section\">\n\t\t\t\t\t\t<div class=\"elementor-container elementor-column-gap-default\">\n\t\t\t\t\t<div class=\"elementor-column elementor-col-100 elementor-top-column elementor-element elementor-element-6e3aa97\" data-id=\"6e3aa97\" data-element_type=\"column\" data-e-type=\"column\">\n\t\t\t<div class=\"elementor-widget-wrap elementor-element-populated\">\n\t\t\t\t\t\t<div class=\"elementor-element elementor-element-093625a elementor-widget elementor-widget-spacer\" data-id=\"093625a\" data-element_type=\"widget\" data-e-type=\"widget\" data-widget_type=\"spacer.default\">\n\t\t\t\t<div class=\"elementor-widget-container\">\n\t\t\t\t\t\t\t<div class=\"elementor-spacer\">\n\t\t\t<div class=\"elementor-spacer-inner\"><\/div>\n\t\t<\/div>\n\t\t\t\t\t\t<\/div>\n\t\t\t\t<\/div>\n\t\t\t\t<div class=\"elementor-element elementor-element-f275867 elementor-widget elementor-widget-heading\" data-id=\"f275867\" data-element_type=\"widget\" data-e-type=\"widget\" data-widget_type=\"heading.default\">\n\t\t\t\t<div class=\"elementor-widget-container\">\n\t\t\t\t\t<h2 class=\"elementor-heading-title elementor-size-default\">UNE FAMILLE AVEC UNE LONGUE HISTOIRE<\/h2>\t\t\t\t<\/div>\n\t\t\t\t<\/div>\n\t\t\t\t\t<\/div>\n\t\t<\/div>\n\t\t\t\t\t<\/div>\n\t\t<\/section>\n\t\t\t\t<section data-particle_enable=\"false\" data-particle-mobile-disabled=\"false\" class=\"elementor-section elementor-top-section elementor-element elementor-element-03d0679 elementor-section-boxed elementor-section-height-default elementor-section-height-default\" data-id=\"03d0679\" data-element_type=\"section\" data-e-type=\"section\">\n\t\t\t\t\t\t<div class=\"elementor-container elementor-column-gap-default\">\n\t\t\t\t\t<div class=\"elementor-column elementor-col-50 elementor-top-column elementor-element elementor-element-1a9a44b\" data-id=\"1a9a44b\" data-element_type=\"column\" data-e-type=\"column\">\n\t\t\t<div class=\"elementor-widget-wrap elementor-element-populated\">\n\t\t\t\t\t\t<div class=\"elementor-element elementor-element-0095941 elementor-widget elementor-widget-text-editor\" data-id=\"0095941\" data-element_type=\"widget\" data-e-type=\"widget\" data-widget_type=\"text-editor.default\">\n\t\t\t\t<div class=\"elementor-widget-container\">\n\t\t\t\t\t\t\t\t\tLa famille Lebboroni \u00e9tait d\u00e9j\u00e0 propri\u00e9taire \u00e0 la fin des ann\u00e9es 1800 d&rsquo;une ferme \u00e0 Cignanello, dans la commune de Camerino. Gr\u00e2ce \u00e0 la personnalit\u00e9 forte et riche en id\u00e9es et en initiatives de Lebboroni Domenico, ainsi que de son fr\u00e8re cadet Sesto, la famille a commenc\u00e9 \u00e0 \u00e9largir ses propri\u00e9t\u00e9s. Elle a d&rsquo;abord lou\u00e9 des terres puis s&rsquo;est consacr\u00e9 \u00e0 la gestion d&rsquo;un certain nombre d&rsquo;entreprises agricoles de la r\u00e9gion. Comme leur comp\u00e9tence en mati\u00e8re agricole \u00e9tait devenue c\u00e9l\u00e8bre, les princes Giustiniani Bandini, une famille noble de Rome, ont engag\u00e9 Lebboroni Domenico pour diriger leur grande entreprise agricole d&rsquo;Abbaye de Fiastra de plus de 2 000 hectares, qui \u00e9tait dans une mauvaise situation \u00e9conomique \u00e0 cause d&rsquo;une mauvaise gestion. En peu de temps, l&rsquo;entreprise d&rsquo;Abbaye de Fiastra est devenue florissante, gr\u00e2ce au travail de Lebboroni Domenico, de son fr\u00e8re Sesto et de ses neveux Vincenzo et Ivo. Les employ\u00e9s, les travailleurs et les fermiers qui travaillaient pour l&rsquo;entreprise n&rsquo;avaient pas besoin de garanties pour obtenir des cr\u00e9dits aupr\u00e8s des banques et des commer\u00e7ants. Au fil des ann\u00e9es, l&rsquo;entreprise est devenue une fondation et a \u00e9t\u00e9 g\u00e9r\u00e9e par les Lebboroni pendant trois g\u00e9n\u00e9rations. La r\u00e9serve de chasse d&rsquo;Abbaye de Fiastra a \u00e9galement re\u00e7u la visite de personnalit\u00e9s telles que Enrico Mattei, Fausto Coppi et Beniamino Gigli. Dans les ann\u00e9es 20, la famille Lebboroni a achet\u00e9 une entreprise agricole \u00e0 Piano di Rustano des seigneurs Barboni. C&rsquo;est ainsi que l&rsquo;entreprise qui appartient encore aujourd&rsquo;hui \u00e0 la famille Lebboroni est n\u00e9e. La famille a ensuite h\u00e9rit\u00e9 d&rsquo;une maison au centre de l&rsquo;entreprise, achet\u00e9e par des tantes Elisabetta et Flavia, qui a \u00e9t\u00e9 agrandie pour que toute la famille puisse d\u00e9m\u00e9nager de la ferme Cignanello et est aujourd&rsquo;hui la cave \u00e0 vin. En 1933, les trois fermes de Brondoleto ont \u00e9t\u00e9 achet\u00e9es, o\u00f9 se trouve actuellement le plus grand vignoble. La Tenuta Piano di Rustano poss\u00e8de d\u00e9sormais 108 hectares de terres, aujourd&rsquo;hui partag\u00e9es entre les quatre h\u00e9ritiers de la famille d&rsquo;origine. Bient\u00f4t, un livre relatant toute l&rsquo;histoire &#8211; enrichie d&rsquo;\u00e9v\u00e9nements, d&rsquo;illustrations d&rsquo;\u00e9poque et d&rsquo;anecdotes curieuses &#8211; de la famille Lebboroni et de la Tenuta Piano di Rustano sera disponible dans la cave.\t\t\t\t\t\t\t\t<\/div>\n\t\t\t\t<\/div>\n\t\t\t\t\t<\/div>\n\t\t<\/div>\n\t\t\t\t<div class=\"elementor-column elementor-col-50 elementor-top-column elementor-element elementor-element-07fb65b\" data-id=\"07fb65b\" data-element_type=\"column\" data-e-type=\"column\">\n\t\t\t<div class=\"elementor-widget-wrap elementor-element-populated\">\n\t\t\t\t\t\t<div class=\"elementor-element elementor-element-de0a42f elementor-widget elementor-widget-image\" data-id=\"de0a42f\" data-element_type=\"widget\" data-e-type=\"widget\" data-widget_type=\"image.default\">\n\t\t\t\t<div class=\"elementor-widget-container\">\n\t\t\t\t\t\t\t\t\t\t\t\t\t\t\t<img fetchpriority=\"high\" decoding=\"async\" width=\"705\" height=\"1024\" src=\"https:\/\/www.pianodirustano.it\/wp-content\/uploads\/2022\/06\/stemma_famiglia-705x1024.jpg\" class=\"attachment-large size-large wp-image-277\" alt=\"\" srcset=\"https:\/\/www.pianodirustano.it\/wp-content\/uploads\/2022\/06\/stemma_famiglia-705x1024.jpg 705w, https:\/\/www.pianodirustano.it\/wp-content\/uploads\/2022\/06\/stemma_famiglia-207x300.jpg 207w, https:\/\/www.pianodirustano.it\/wp-content\/uploads\/2022\/06\/stemma_famiglia-768x1116.jpg 768w, https:\/\/www.pianodirustano.it\/wp-content\/uploads\/2022\/06\/stemma_famiglia-600x872.jpg 600w, https:\/\/www.pianodirustano.it\/wp-content\/uploads\/2022\/06\/stemma_famiglia.jpg 813w\" sizes=\"(max-width: 705px) 100vw, 705px\" \/>\t\t\t\t\t\t\t\t\t\t\t\t\t\t\t<\/div>\n\t\t\t\t<\/div>\n\t\t\t\t\t<\/div>\n\t\t<\/div>\n\t\t\t\t\t<\/div>\n\t\t<\/section>\n\t\t\t\t<\/div>\n\t\t","protected":false},"excerpt":{"rendered":"<p>LES BONNES TRADITIONS ONT DES RACINES PROFONDES UNE FAMILLE AVEC UNE LONGUE HISTOIRE La famille Lebboroni \u00e9tait d\u00e9j\u00e0 propri\u00e9taire \u00e0 la fin des ann\u00e9es 1800 d&rsquo;une ferme \u00e0 Cignanello, dans la commune de Camerino. Gr\u00e2ce \u00e0 la personnalit\u00e9 forte et riche en id\u00e9es et en initiatives de Lebboroni Domenico, ainsi que de son fr\u00e8re cadet [&hellip;]<\/p>\n","protected":false},"author":1,"featured_media":1069,"parent":1197,"menu_order":0,"comment_status":"closed","ping_status":"closed","template":"","meta":{"_eb_attr":"","footnotes":""},"class_list":["post-1204","page","type-page","status-publish","has-post-thumbnail","hentry"],"yoast_head":"<!-- This site is optimized with the Yoast SEO plugin v27.2 - https:\/\/yoast.com\/product\/yoast-seo-wordpress\/ -->\n<title>Les Racines - Tenuta Piano di Rustano<\/title>\n<meta name=\"robots\" content=\"index, follow, max-snippet:-1, max-image-preview:large, max-video-preview:-1\" \/>\n<link rel=\"canonical\" href=\"https:\/\/www.pianodirustano.it\/fr\/le-domaine\/les-racines\/\" \/>\n<meta property=\"og:locale\" content=\"fr_FR\" \/>\n<meta property=\"og:type\" content=\"article\" \/>\n<meta property=\"og:title\" content=\"Les Racines - Tenuta Piano di Rustano\" \/>\n<meta property=\"og:description\" content=\"LES BONNES TRADITIONS ONT DES RACINES PROFONDES UNE FAMILLE AVEC UNE LONGUE HISTOIRE La famille Lebboroni \u00e9tait d\u00e9j\u00e0 propri\u00e9taire \u00e0 la fin des ann\u00e9es 1800 d&rsquo;une ferme \u00e0 Cignanello, dans la commune de Camerino. Gr\u00e2ce \u00e0 la personnalit\u00e9 forte et riche en id\u00e9es et en initiatives de Lebboroni Domenico, ainsi que de son fr\u00e8re cadet [&hellip;]\" \/>\n<meta property=\"og:url\" content=\"https:\/\/www.pianodirustano.it\/fr\/le-domaine\/les-racines\/\" \/>\n<meta property=\"og:site_name\" content=\"Tenuta Piano di Rustano\" \/>\n<meta property=\"article:modified_time\" content=\"2023-06-12T08:19:28+00:00\" \/>\n<meta property=\"og:image\" content=\"https:\/\/www.pianodirustano.it\/wp-content\/uploads\/2022\/06\/piano_rustano_tenuta-1024x683.jpg\" \/>\n\t<meta property=\"og:image:width\" content=\"1024\" \/>\n\t<meta property=\"og:image:height\" content=\"683\" \/>\n\t<meta property=\"og:image:type\" content=\"image\/jpeg\" \/>\n<meta name=\"twitter:card\" content=\"summary_large_image\" \/>\n<meta name=\"twitter:label1\" content=\"Dur\u00e9e de lecture estim\u00e9e\" \/>\n\t<meta name=\"twitter:data1\" content=\"3 minutes\" \/>\n<script type=\"application\/ld+json\" class=\"yoast-schema-graph\">{\"@context\":\"https:\/\/schema.org\",\"@graph\":[{\"@type\":\"WebPage\",\"@id\":\"https:\/\/www.pianodirustano.it\/fr\/le-domaine\/les-racines\/\",\"url\":\"https:\/\/www.pianodirustano.it\/fr\/le-domaine\/les-racines\/\",\"name\":\"Les Racines - Tenuta Piano di Rustano\",\"isPartOf\":{\"@id\":\"https:\/\/www.pianodirustano.it\/fr\/#website\"},\"primaryImageOfPage\":{\"@id\":\"https:\/\/www.pianodirustano.it\/fr\/le-domaine\/les-racines\/#primaryimage\"},\"image\":{\"@id\":\"https:\/\/www.pianodirustano.it\/fr\/le-domaine\/les-racines\/#primaryimage\"},\"thumbnailUrl\":\"https:\/\/www.pianodirustano.it\/wp-content\/uploads\/2022\/06\/piano_rustano_tenuta.jpg\",\"datePublished\":\"2022-06-15T17:14:37+00:00\",\"dateModified\":\"2023-06-12T08:19:28+00:00\",\"breadcrumb\":{\"@id\":\"https:\/\/www.pianodirustano.it\/fr\/le-domaine\/les-racines\/#breadcrumb\"},\"inLanguage\":\"fr-FR\",\"potentialAction\":[{\"@type\":\"ReadAction\",\"target\":[\"https:\/\/www.pianodirustano.it\/fr\/le-domaine\/les-racines\/\"]}]},{\"@type\":\"ImageObject\",\"inLanguage\":\"fr-FR\",\"@id\":\"https:\/\/www.pianodirustano.it\/fr\/le-domaine\/les-racines\/#primaryimage\",\"url\":\"https:\/\/www.pianodirustano.it\/wp-content\/uploads\/2022\/06\/piano_rustano_tenuta.jpg\",\"contentUrl\":\"https:\/\/www.pianodirustano.it\/wp-content\/uploads\/2022\/06\/piano_rustano_tenuta.jpg\",\"width\":2048,\"height\":1365},{\"@type\":\"BreadcrumbList\",\"@id\":\"https:\/\/www.pianodirustano.it\/fr\/le-domaine\/les-racines\/#breadcrumb\",\"itemListElement\":[{\"@type\":\"ListItem\",\"position\":1,\"name\":\"Home\",\"item\":\"https:\/\/www.pianodirustano.it\/fr\/\"},{\"@type\":\"ListItem\",\"position\":2,\"name\":\"Le Domaine\",\"item\":\"https:\/\/www.pianodirustano.it\/fr\/le-domaine\/\"},{\"@type\":\"ListItem\",\"position\":3,\"name\":\"Les Racines\"}]},{\"@type\":\"WebSite\",\"@id\":\"https:\/\/www.pianodirustano.it\/fr\/#website\",\"url\":\"https:\/\/www.pianodirustano.it\/fr\/\",\"name\":\"Tenuta Piano di Rustano\",\"description\":\"Produciamo con orgoglio vini nobili ed autentici a base di Verdicchio di Matelica\",\"publisher\":{\"@id\":\"https:\/\/www.pianodirustano.it\/fr\/#organization\"},\"potentialAction\":[{\"@type\":\"SearchAction\",\"target\":{\"@type\":\"EntryPoint\",\"urlTemplate\":\"https:\/\/www.pianodirustano.it\/fr\/?s={search_term_string}\"},\"query-input\":{\"@type\":\"PropertyValueSpecification\",\"valueRequired\":true,\"valueName\":\"search_term_string\"}}],\"inLanguage\":\"fr-FR\"},{\"@type\":\"Organization\",\"@id\":\"https:\/\/www.pianodirustano.it\/fr\/#organization\",\"name\":\"Tenuta Piano di Rustano\",\"url\":\"https:\/\/www.pianodirustano.it\/fr\/\",\"logo\":{\"@type\":\"ImageObject\",\"inLanguage\":\"fr-FR\",\"@id\":\"https:\/\/www.pianodirustano.it\/fr\/#\/schema\/logo\/image\/\",\"url\":\"https:\/\/www.pianodirustano.it\/wp-content\/uploads\/2022\/06\/logo_rustano_nero.png\",\"contentUrl\":\"https:\/\/www.pianodirustano.it\/wp-content\/uploads\/2022\/06\/logo_rustano_nero.png\",\"width\":1181,\"height\":449,\"caption\":\"Tenuta Piano di Rustano\"},\"image\":{\"@id\":\"https:\/\/www.pianodirustano.it\/fr\/#\/schema\/logo\/image\/\"}}]}<\/script>\n<!-- \/ Yoast SEO plugin. -->","yoast_head_json":{"title":"Les Racines - Tenuta Piano di Rustano","robots":{"index":"index","follow":"follow","max-snippet":"max-snippet:-1","max-image-preview":"max-image-preview:large","max-video-preview":"max-video-preview:-1"},"canonical":"https:\/\/www.pianodirustano.it\/fr\/le-domaine\/les-racines\/","og_locale":"fr_FR","og_type":"article","og_title":"Les Racines - Tenuta Piano di Rustano","og_description":"LES BONNES TRADITIONS ONT DES RACINES PROFONDES UNE FAMILLE AVEC UNE LONGUE HISTOIRE La famille Lebboroni \u00e9tait d\u00e9j\u00e0 propri\u00e9taire \u00e0 la fin des ann\u00e9es 1800 d&rsquo;une ferme \u00e0 Cignanello, dans la commune de Camerino. Gr\u00e2ce \u00e0 la personnalit\u00e9 forte et riche en id\u00e9es et en initiatives de Lebboroni Domenico, ainsi que de son fr\u00e8re cadet [&hellip;]","og_url":"https:\/\/www.pianodirustano.it\/fr\/le-domaine\/les-racines\/","og_site_name":"Tenuta Piano di Rustano","article_modified_time":"2023-06-12T08:19:28+00:00","og_image":[{"width":1024,"height":683,"url":"https:\/\/www.pianodirustano.it\/wp-content\/uploads\/2022\/06\/piano_rustano_tenuta-1024x683.jpg","type":"image\/jpeg"}],"twitter_card":"summary_large_image","twitter_misc":{"Dur\u00e9e de lecture estim\u00e9e":"3 minutes"},"schema":{"@context":"https:\/\/schema.org","@graph":[{"@type":"WebPage","@id":"https:\/\/www.pianodirustano.it\/fr\/le-domaine\/les-racines\/","url":"https:\/\/www.pianodirustano.it\/fr\/le-domaine\/les-racines\/","name":"Les Racines - Tenuta Piano di Rustano","isPartOf":{"@id":"https:\/\/www.pianodirustano.it\/fr\/#website"},"primaryImageOfPage":{"@id":"https:\/\/www.pianodirustano.it\/fr\/le-domaine\/les-racines\/#primaryimage"},"image":{"@id":"https:\/\/www.pianodirustano.it\/fr\/le-domaine\/les-racines\/#primaryimage"},"thumbnailUrl":"https:\/\/www.pianodirustano.it\/wp-content\/uploads\/2022\/06\/piano_rustano_tenuta.jpg","datePublished":"2022-06-15T17:14:37+00:00","dateModified":"2023-06-12T08:19:28+00:00","breadcrumb":{"@id":"https:\/\/www.pianodirustano.it\/fr\/le-domaine\/les-racines\/#breadcrumb"},"inLanguage":"fr-FR","potentialAction":[{"@type":"ReadAction","target":["https:\/\/www.pianodirustano.it\/fr\/le-domaine\/les-racines\/"]}]},{"@type":"ImageObject","inLanguage":"fr-FR","@id":"https:\/\/www.pianodirustano.it\/fr\/le-domaine\/les-racines\/#primaryimage","url":"https:\/\/www.pianodirustano.it\/wp-content\/uploads\/2022\/06\/piano_rustano_tenuta.jpg","contentUrl":"https:\/\/www.pianodirustano.it\/wp-content\/uploads\/2022\/06\/piano_rustano_tenuta.jpg","width":2048,"height":1365},{"@type":"BreadcrumbList","@id":"https:\/\/www.pianodirustano.it\/fr\/le-domaine\/les-racines\/#breadcrumb","itemListElement":[{"@type":"ListItem","position":1,"name":"Home","item":"https:\/\/www.pianodirustano.it\/fr\/"},{"@type":"ListItem","position":2,"name":"Le Domaine","item":"https:\/\/www.pianodirustano.it\/fr\/le-domaine\/"},{"@type":"ListItem","position":3,"name":"Les Racines"}]},{"@type":"WebSite","@id":"https:\/\/www.pianodirustano.it\/fr\/#website","url":"https:\/\/www.pianodirustano.it\/fr\/","name":"Tenuta Piano di Rustano","description":"Produciamo con orgoglio vini nobili ed autentici a base di Verdicchio di Matelica","publisher":{"@id":"https:\/\/www.pianodirustano.it\/fr\/#organization"},"potentialAction":[{"@type":"SearchAction","target":{"@type":"EntryPoint","urlTemplate":"https:\/\/www.pianodirustano.it\/fr\/?s={search_term_string}"},"query-input":{"@type":"PropertyValueSpecification","valueRequired":true,"valueName":"search_term_string"}}],"inLanguage":"fr-FR"},{"@type":"Organization","@id":"https:\/\/www.pianodirustano.it\/fr\/#organization","name":"Tenuta Piano di Rustano","url":"https:\/\/www.pianodirustano.it\/fr\/","logo":{"@type":"ImageObject","inLanguage":"fr-FR","@id":"https:\/\/www.pianodirustano.it\/fr\/#\/schema\/logo\/image\/","url":"https:\/\/www.pianodirustano.it\/wp-content\/uploads\/2022\/06\/logo_rustano_nero.png","contentUrl":"https:\/\/www.pianodirustano.it\/wp-content\/uploads\/2022\/06\/logo_rustano_nero.png","width":1181,"height":449,"caption":"Tenuta Piano di Rustano"},"image":{"@id":"https:\/\/www.pianodirustano.it\/fr\/#\/schema\/logo\/image\/"}}]}},"_links":{"self":[{"href":"https:\/\/www.pianodirustano.it\/fr\/wp-json\/wp\/v2\/pages\/1204","targetHints":{"allow":["GET"]}}],"collection":[{"href":"https:\/\/www.pianodirustano.it\/fr\/wp-json\/wp\/v2\/pages"}],"about":[{"href":"https:\/\/www.pianodirustano.it\/fr\/wp-json\/wp\/v2\/types\/page"}],"author":[{"embeddable":true,"href":"https:\/\/www.pianodirustano.it\/fr\/wp-json\/wp\/v2\/users\/1"}],"replies":[{"embeddable":true,"href":"https:\/\/www.pianodirustano.it\/fr\/wp-json\/wp\/v2\/comments?post=1204"}],"version-history":[{"count":7,"href":"https:\/\/www.pianodirustano.it\/fr\/wp-json\/wp\/v2\/pages\/1204\/revisions"}],"predecessor-version":[{"id":1287,"href":"https:\/\/www.pianodirustano.it\/fr\/wp-json\/wp\/v2\/pages\/1204\/revisions\/1287"}],"up":[{"embeddable":true,"href":"https:\/\/www.pianodirustano.it\/fr\/wp-json\/wp\/v2\/pages\/1197"}],"wp:featuredmedia":[{"embeddable":true,"href":"https:\/\/www.pianodirustano.it\/fr\/wp-json\/wp\/v2\/media\/1069"}],"wp:attachment":[{"href":"https:\/\/www.pianodirustano.it\/fr\/wp-json\/wp\/v2\/media?parent=1204"}],"curies":[{"name":"wp","href":"https:\/\/api.w.org\/{rel}","templated":true}]}}