{"id":1209,"date":"2022-06-16T08:29:53","date_gmt":"2022-06-16T06:29:53","guid":{"rendered":"https:\/\/www.pianodirustano.it\/la-tenuta\/il-borgo\/"},"modified":"2025-11-21T18:29:49","modified_gmt":"2025-11-21T17:29:49","slug":"il-borgo","status":"publish","type":"page","link":"https:\/\/www.pianodirustano.it\/fr\/le-domaine\/il-borgo\/","title":{"rendered":"Rustano Wine Resort"},"content":{"rendered":"\t\t<div data-elementor-type=\"wp-page\" data-elementor-id=\"1209\" class=\"elementor elementor-1209\" data-elementor-post-type=\"page\">\n\t\t\t\t\t\t<section data-particle_enable=\"false\" data-particle-mobile-disabled=\"false\" class=\"elementor-section elementor-top-section elementor-element elementor-element-c24e7a8 elementor-section-height-min-height elementor-section-boxed elementor-section-height-default elementor-section-items-middle elementor-invisible\" data-id=\"c24e7a8\" data-element_type=\"section\" data-e-type=\"section\" data-settings=\"{&quot;background_background&quot;:&quot;classic&quot;,&quot;animation&quot;:&quot;fadeIn&quot;}\">\n\t\t\t\t\t\t\t<div class=\"elementor-background-overlay\"><\/div>\n\t\t\t\t\t\t\t<div class=\"elementor-container elementor-column-gap-default\">\n\t\t\t\t\t<div class=\"elementor-column elementor-col-100 elementor-top-column elementor-element elementor-element-f27cc9e\" data-id=\"f27cc9e\" data-element_type=\"column\" data-e-type=\"column\">\n\t\t\t<div class=\"elementor-widget-wrap elementor-element-populated\">\n\t\t\t\t\t\t<div class=\"elementor-element elementor-element-0ed3aa3 elementor-widget elementor-widget-spacer\" data-id=\"0ed3aa3\" data-element_type=\"widget\" data-e-type=\"widget\" data-widget_type=\"spacer.default\">\n\t\t\t\t<div class=\"elementor-widget-container\">\n\t\t\t\t\t\t\t<div class=\"elementor-spacer\">\n\t\t\t<div class=\"elementor-spacer-inner\"><\/div>\n\t\t<\/div>\n\t\t\t\t\t\t<\/div>\n\t\t\t\t<\/div>\n\t\t\t\t<div class=\"elementor-element elementor-element-bd57e50 elementor-widget elementor-widget-heading\" data-id=\"bd57e50\" data-element_type=\"widget\" data-e-type=\"widget\" data-widget_type=\"heading.default\">\n\t\t\t\t<div class=\"elementor-widget-container\">\n\t\t\t\t\t<h2 class=\"elementor-heading-title elementor-size-default\">IL NUOVO PROGETTO<\/h2>\t\t\t\t<\/div>\n\t\t\t\t<\/div>\n\t\t\t\t\t<\/div>\n\t\t<\/div>\n\t\t\t\t\t<\/div>\n\t\t<\/section>\n\t\t\t\t<section data-particle_enable=\"false\" data-particle-mobile-disabled=\"false\" class=\"elementor-section elementor-top-section elementor-element elementor-element-fb42e24 elementor-section-boxed elementor-section-height-default elementor-section-height-default\" data-id=\"fb42e24\" data-element_type=\"section\" data-e-type=\"section\">\n\t\t\t\t\t\t<div class=\"elementor-container elementor-column-gap-default\">\n\t\t\t\t\t<div class=\"elementor-column elementor-col-100 elementor-top-column elementor-element elementor-element-6e3aa97\" data-id=\"6e3aa97\" data-element_type=\"column\" data-e-type=\"column\">\n\t\t\t<div class=\"elementor-widget-wrap elementor-element-populated\">\n\t\t\t\t\t\t<div class=\"elementor-element elementor-element-093625a elementor-widget elementor-widget-spacer\" data-id=\"093625a\" data-element_type=\"widget\" data-e-type=\"widget\" data-widget_type=\"spacer.default\">\n\t\t\t\t<div class=\"elementor-widget-container\">\n\t\t\t\t\t\t\t<div class=\"elementor-spacer\">\n\t\t\t<div class=\"elementor-spacer-inner\"><\/div>\n\t\t<\/div>\n\t\t\t\t\t\t<\/div>\n\t\t\t\t<\/div>\n\t\t\t\t<div class=\"elementor-element elementor-element-f275867 elementor-widget elementor-widget-heading\" data-id=\"f275867\" data-element_type=\"widget\" data-e-type=\"widget\" data-widget_type=\"heading.default\">\n\t\t\t\t<div class=\"elementor-widget-container\">\n\t\t\t\t\t<h2 class=\"elementor-heading-title elementor-size-default\">Rustano <br><br>Wine Resort<br><br><\/h2>\t\t\t\t<\/div>\n\t\t\t\t<\/div>\n\t\t\t\t\t<\/div>\n\t\t<\/div>\n\t\t\t\t\t<\/div>\n\t\t<\/section>\n\t\t\t\t<section data-particle_enable=\"false\" data-particle-mobile-disabled=\"false\" class=\"elementor-section elementor-top-section elementor-element elementor-element-03d0679 elementor-section-boxed elementor-section-height-default elementor-section-height-default\" data-id=\"03d0679\" data-element_type=\"section\" data-e-type=\"section\">\n\t\t\t\t\t\t<div class=\"elementor-container elementor-column-gap-default\">\n\t\t\t\t\t<div class=\"elementor-column elementor-col-50 elementor-top-column elementor-element elementor-element-1a9a44b\" data-id=\"1a9a44b\" data-element_type=\"column\" data-e-type=\"column\">\n\t\t\t<div class=\"elementor-widget-wrap elementor-element-populated\">\n\t\t\t\t\t\t<div class=\"elementor-element elementor-element-0095941 elementor-widget elementor-widget-text-editor\" data-id=\"0095941\" data-element_type=\"widget\" data-e-type=\"widget\" data-widget_type=\"text-editor.default\">\n\t\t\t\t<div class=\"elementor-widget-container\">\n\t\t\t\t\t\t\t\t\t<div id=\"model-response-message-contentr_1f70561d6ec0164e\" class=\"markdown markdown-main-panel enable-updated-hr-color\" dir=\"ltr\"><p>La Tenuta Piano di Rustano, un&rsquo;azienda agricola con radici profonde che risalgono ai primi del 1900, ha una storia di crescita e trasformazione. Divenuta propriet\u00e0 della famiglia Lebboroni, l&rsquo;azienda si \u00e8 espansa fino a raggiungere i 108 ettari di terreno coltivato, suddivisi in otto poderi. A seguito di una successione nel 1979, l&rsquo;azienda \u00e8 stata divisa tra quattro eredi. Il Sig. Lebboroni Giandomenico ha successivamente riacquisito parte dell&rsquo;azienda originaria, destinando una porzione all&rsquo;attivit\u00e0 vitivinicola e fondando nel 2011 la Ditta Individuale \u00ab\u00a0Tenuta Piano di Rustano di Lebboroni Giandomenico\u00a0\u00bb.<\/p><p>Dopo la sua scomparsa nel 2016, la moglie Rosanna e il figlio Francesco hanno continuato l&rsquo;attivit\u00e0, costituendo la \u00ab\u00a0Tenuta Piano di Rustano Societ\u00e0 Agricola\u00a0\u00bb. Sotto la loro guida, l&rsquo;azienda ha conosciuto un notevole sviluppo, investendo in personale specializzato per la vigna e la cantina, acquisendo mezzi agricoli e attrezzature all&rsquo;avanguardia, e introducendo nuove competenze manageriali. Questi sforzi hanno rapidamente portato l&rsquo;azienda a importanti volumi di fatturato e al riconoscimento di un marchio di qualit\u00e0 nel mercato.<\/p><p>Visto il successo ottenuto nel settore vitivinicolo ed enoturistico, la Tenuta Piano di Rustano \u00e8 ora pronta a compiere un ulteriore passo, ampliando la propria offerta ricettiva. L&rsquo;azienda intende realizzare un nuovo e prestigioso Wine Resort, che includer\u00e0 non solo degustazioni, ma anche servizi di alloggio, ristorazione e altre attivit\u00e0, sfruttando la propriet\u00e0 esclusiva dell&rsquo;intero borgo di Piano di Rustano.<\/p><p>Lo staff manageriale, artefice degli incrementi di fatturato nel settore del vino, ha condotto un&rsquo;attenta analisi di mercato per questo ampliamento dell&rsquo;offerta, riconoscendo l&rsquo;enorme potenziale del settore. Un fattore chiave di questa visione \u00e8 il prossimo completamento della strada Pedemontana di scorrimento veloce denominata \u00ab\u00a0Quadrilatero\u00a0\u00bb, che prevede uno svincolo di ingresso\/uscita a soli 4 km dal borgo, rendendo il Wine Resort facilmente accessibile.<\/p><p>Siamo lieti di annunciare che la realizzazione di questo ambizioso Wine Resort ha ottenuto un importante finanziamento dal fondo complementare sisma 2009 &#8211; 2016 NEXT APPENNINO,\u00a0 Misura B 2.1, a conferma della validit\u00e0 e della rilevanza strategica del Rustano Wine Resort per lo sviluppo dell&rsquo;economia del territorio colpito dagli eventi del sisma del 2016.<\/p><\/div>\t\t\t\t\t\t\t\t<\/div>\n\t\t\t\t<\/div>\n\t\t\t\t<div class=\"elementor-element elementor-element-637bd98 elementor-widget elementor-widget-image\" data-id=\"637bd98\" data-element_type=\"widget\" data-e-type=\"widget\" data-widget_type=\"image.default\">\n\t\t\t\t<div class=\"elementor-widget-container\">\n\t\t\t\t\t\t\t\t\t\t\t\t\t\t\t<img fetchpriority=\"high\" decoding=\"async\" width=\"800\" height=\"452\" src=\"https:\/\/www.pianodirustano.it\/wp-content\/uploads\/2025\/07\/POSTER-RUSTANO-WINE-RESORT-1024x579.png\" class=\"attachment-large size-large wp-image-1789\" alt=\"\" srcset=\"https:\/\/www.pianodirustano.it\/wp-content\/uploads\/2025\/07\/POSTER-RUSTANO-WINE-RESORT-1024x579.png 1024w, https:\/\/www.pianodirustano.it\/wp-content\/uploads\/2025\/07\/POSTER-RUSTANO-WINE-RESORT-300x170.png 300w, https:\/\/www.pianodirustano.it\/wp-content\/uploads\/2025\/07\/POSTER-RUSTANO-WINE-RESORT-768x434.png 768w, https:\/\/www.pianodirustano.it\/wp-content\/uploads\/2025\/07\/POSTER-RUSTANO-WINE-RESORT-600x339.png 600w, https:\/\/www.pianodirustano.it\/wp-content\/uploads\/2025\/07\/POSTER-RUSTANO-WINE-RESORT.png 1472w\" sizes=\"(max-width: 800px) 100vw, 800px\" \/>\t\t\t\t\t\t\t\t\t\t\t\t\t\t\t<\/div>\n\t\t\t\t<\/div>\n\t\t\t\t\t<\/div>\n\t\t<\/div>\n\t\t\t\t<div class=\"elementor-column elementor-col-50 elementor-top-column elementor-element elementor-element-07fb65b\" data-id=\"07fb65b\" data-element_type=\"column\" data-e-type=\"column\">\n\t\t\t<div class=\"elementor-widget-wrap elementor-element-populated\">\n\t\t\t\t\t\t<div class=\"elementor-element elementor-element-de0a42f elementor-widget elementor-widget-image\" data-id=\"de0a42f\" data-element_type=\"widget\" data-e-type=\"widget\" data-widget_type=\"image.default\">\n\t\t\t\t<div class=\"elementor-widget-container\">\n\t\t\t\t\t\t\t\t\t\t\t\t\t\t\t<img decoding=\"async\" width=\"800\" height=\"450\" src=\"https:\/\/www.pianodirustano.it\/wp-content\/uploads\/2022\/06\/restauri-1024x576.jpg\" class=\"attachment-large size-large wp-image-336\" alt=\"\" srcset=\"https:\/\/www.pianodirustano.it\/wp-content\/uploads\/2022\/06\/restauri-1024x576.jpg 1024w, https:\/\/www.pianodirustano.it\/wp-content\/uploads\/2022\/06\/restauri-300x169.jpg 300w, https:\/\/www.pianodirustano.it\/wp-content\/uploads\/2022\/06\/restauri-768x432.jpg 768w, https:\/\/www.pianodirustano.it\/wp-content\/uploads\/2022\/06\/restauri-1536x864.jpg 1536w, https:\/\/www.pianodirustano.it\/wp-content\/uploads\/2022\/06\/restauri-600x338.jpg 600w, https:\/\/www.pianodirustano.it\/wp-content\/uploads\/2022\/06\/restauri.jpg 1920w\" sizes=\"(max-width: 800px) 100vw, 800px\" \/>\t\t\t\t\t\t\t\t\t\t\t\t\t\t\t<\/div>\n\t\t\t\t<\/div>\n\t\t\t\t<div class=\"elementor-element elementor-element-4ccf94b elementor-widget elementor-widget-image\" data-id=\"4ccf94b\" data-element_type=\"widget\" data-e-type=\"widget\" data-widget_type=\"image.default\">\n\t\t\t\t<div class=\"elementor-widget-container\">\n\t\t\t\t\t\t\t\t\t\t\t\t\t\t\t<img decoding=\"async\" width=\"576\" height=\"1024\" src=\"https:\/\/www.pianodirustano.it\/wp-content\/uploads\/2025\/07\/Lavori-In-Corso-Wine-Resort-576x1024.jpeg\" class=\"attachment-large size-large wp-image-1802\" alt=\"\" srcset=\"https:\/\/www.pianodirustano.it\/wp-content\/uploads\/2025\/07\/Lavori-In-Corso-Wine-Resort-576x1024.jpeg 576w, https:\/\/www.pianodirustano.it\/wp-content\/uploads\/2025\/07\/Lavori-In-Corso-Wine-Resort-169x300.jpeg 169w, https:\/\/www.pianodirustano.it\/wp-content\/uploads\/2025\/07\/Lavori-In-Corso-Wine-Resort-600x1067.jpeg 600w, https:\/\/www.pianodirustano.it\/wp-content\/uploads\/2025\/07\/Lavori-In-Corso-Wine-Resort.jpeg 750w\" sizes=\"(max-width: 576px) 100vw, 576px\" \/>\t\t\t\t\t\t\t\t\t\t\t\t\t\t\t<\/div>\n\t\t\t\t<\/div>\n\t\t\t\t\t<\/div>\n\t\t<\/div>\n\t\t\t\t\t<\/div>\n\t\t<\/section>\n\t\t\t\t<section data-particle_enable=\"false\" data-particle-mobile-disabled=\"false\" class=\"elementor-section elementor-top-section elementor-element elementor-element-2507c3a elementor-section-boxed elementor-section-height-default elementor-section-height-default\" data-id=\"2507c3a\" data-element_type=\"section\" data-e-type=\"section\">\n\t\t\t\t\t\t<div class=\"elementor-container elementor-column-gap-default\">\n\t\t\t\t\t<div class=\"elementor-column elementor-col-100 elementor-top-column elementor-element elementor-element-9528ef2\" data-id=\"9528ef2\" data-element_type=\"column\" data-e-type=\"column\">\n\t\t\t<div class=\"elementor-widget-wrap elementor-element-populated\">\n\t\t\t\t\t\t<div class=\"elementor-element elementor-element-3aef7b8 elementor-widget-divider--view-line elementor-widget elementor-widget-divider\" data-id=\"3aef7b8\" data-element_type=\"widget\" data-e-type=\"widget\" data-widget_type=\"divider.default\">\n\t\t\t\t<div class=\"elementor-widget-container\">\n\t\t\t\t\t\t\t<div class=\"elementor-divider\">\n\t\t\t<span class=\"elementor-divider-separator\">\n\t\t\t\t\t\t<\/span>\n\t\t<\/div>\n\t\t\t\t\t\t<\/div>\n\t\t\t\t<\/div>\n\t\t\t\t\t<\/div>\n\t\t<\/div>\n\t\t\t\t\t<\/div>\n\t\t<\/section>\n\t\t\t\t<\/div>\n\t\t","protected":false},"excerpt":{"rendered":"<p>IL NUOVO PROGETTO Rustano Wine Resort La Tenuta Piano di Rustano, un&rsquo;azienda agricola con radici profonde che risalgono ai primi del 1900, ha una storia di crescita e trasformazione. Divenuta propriet\u00e0 della famiglia Lebboroni, l&rsquo;azienda si \u00e8 espansa fino a raggiungere i 108 ettari di terreno coltivato, suddivisi in otto poderi. A seguito di una [&hellip;]<\/p>\n","protected":false},"author":1,"featured_media":1069,"parent":1197,"menu_order":0,"comment_status":"closed","ping_status":"closed","template":"","meta":{"_eb_attr":"","footnotes":""},"class_list":["post-1209","page","type-page","status-publish","has-post-thumbnail","hentry"],"yoast_head":"<!-- This site is optimized with the Yoast SEO plugin v27.2 - https:\/\/yoast.com\/product\/yoast-seo-wordpress\/ -->\n<title>Rustano Wine Resort - Tenuta Piano di Rustano<\/title>\n<meta name=\"robots\" content=\"index, follow, max-snippet:-1, max-image-preview:large, max-video-preview:-1\" \/>\n<link rel=\"canonical\" href=\"https:\/\/www.pianodirustano.it\/fr\/le-domaine\/il-borgo\/\" \/>\n<meta property=\"og:locale\" content=\"fr_FR\" \/>\n<meta property=\"og:type\" content=\"article\" \/>\n<meta property=\"og:title\" content=\"Rustano Wine Resort - Tenuta Piano di Rustano\" \/>\n<meta property=\"og:description\" content=\"IL NUOVO PROGETTO Rustano Wine Resort La Tenuta Piano di Rustano, un&rsquo;azienda agricola con radici profonde che risalgono ai primi del 1900, ha una storia di crescita e trasformazione. Divenuta propriet\u00e0 della famiglia Lebboroni, l&rsquo;azienda si \u00e8 espansa fino a raggiungere i 108 ettari di terreno coltivato, suddivisi in otto poderi. A seguito di una [&hellip;]\" \/>\n<meta property=\"og:url\" content=\"https:\/\/www.pianodirustano.it\/fr\/le-domaine\/il-borgo\/\" \/>\n<meta property=\"og:site_name\" content=\"Tenuta Piano di Rustano\" \/>\n<meta property=\"article:modified_time\" content=\"2025-11-21T17:29:49+00:00\" \/>\n<meta property=\"og:image\" content=\"https:\/\/www.pianodirustano.it\/wp-content\/uploads\/2022\/06\/piano_rustano_tenuta-1024x683.jpg\" \/>\n\t<meta property=\"og:image:width\" content=\"1024\" \/>\n\t<meta property=\"og:image:height\" content=\"683\" \/>\n\t<meta property=\"og:image:type\" content=\"image\/jpeg\" \/>\n<meta name=\"twitter:card\" content=\"summary_large_image\" \/>\n<meta name=\"twitter:label1\" content=\"Dur\u00e9e de lecture estim\u00e9e\" \/>\n\t<meta name=\"twitter:data1\" content=\"3 minutes\" \/>\n<script type=\"application\/ld+json\" class=\"yoast-schema-graph\">{\"@context\":\"https:\/\/schema.org\",\"@graph\":[{\"@type\":\"WebPage\",\"@id\":\"https:\/\/www.pianodirustano.it\/fr\/le-domaine\/il-borgo\/\",\"url\":\"https:\/\/www.pianodirustano.it\/fr\/le-domaine\/il-borgo\/\",\"name\":\"Rustano Wine Resort - Tenuta Piano di Rustano\",\"isPartOf\":{\"@id\":\"https:\/\/www.pianodirustano.it\/fr\/#website\"},\"primaryImageOfPage\":{\"@id\":\"https:\/\/www.pianodirustano.it\/fr\/le-domaine\/il-borgo\/#primaryimage\"},\"image\":{\"@id\":\"https:\/\/www.pianodirustano.it\/fr\/le-domaine\/il-borgo\/#primaryimage\"},\"thumbnailUrl\":\"https:\/\/www.pianodirustano.it\/wp-content\/uploads\/2022\/06\/piano_rustano_tenuta.jpg\",\"datePublished\":\"2022-06-16T06:29:53+00:00\",\"dateModified\":\"2025-11-21T17:29:49+00:00\",\"breadcrumb\":{\"@id\":\"https:\/\/www.pianodirustano.it\/fr\/le-domaine\/il-borgo\/#breadcrumb\"},\"inLanguage\":\"fr-FR\",\"potentialAction\":[{\"@type\":\"ReadAction\",\"target\":[\"https:\/\/www.pianodirustano.it\/fr\/le-domaine\/il-borgo\/\"]}]},{\"@type\":\"ImageObject\",\"inLanguage\":\"fr-FR\",\"@id\":\"https:\/\/www.pianodirustano.it\/fr\/le-domaine\/il-borgo\/#primaryimage\",\"url\":\"https:\/\/www.pianodirustano.it\/wp-content\/uploads\/2022\/06\/piano_rustano_tenuta.jpg\",\"contentUrl\":\"https:\/\/www.pianodirustano.it\/wp-content\/uploads\/2022\/06\/piano_rustano_tenuta.jpg\",\"width\":2048,\"height\":1365},{\"@type\":\"BreadcrumbList\",\"@id\":\"https:\/\/www.pianodirustano.it\/fr\/le-domaine\/il-borgo\/#breadcrumb\",\"itemListElement\":[{\"@type\":\"ListItem\",\"position\":1,\"name\":\"Home\",\"item\":\"https:\/\/www.pianodirustano.it\/fr\/\"},{\"@type\":\"ListItem\",\"position\":2,\"name\":\"Le Domaine\",\"item\":\"https:\/\/www.pianodirustano.it\/fr\/le-domaine\/\"},{\"@type\":\"ListItem\",\"position\":3,\"name\":\"Rustano Wine Resort\"}]},{\"@type\":\"WebSite\",\"@id\":\"https:\/\/www.pianodirustano.it\/fr\/#website\",\"url\":\"https:\/\/www.pianodirustano.it\/fr\/\",\"name\":\"Tenuta Piano di Rustano\",\"description\":\"Produciamo con orgoglio vini nobili ed autentici a base di Verdicchio di Matelica\",\"publisher\":{\"@id\":\"https:\/\/www.pianodirustano.it\/fr\/#organization\"},\"potentialAction\":[{\"@type\":\"SearchAction\",\"target\":{\"@type\":\"EntryPoint\",\"urlTemplate\":\"https:\/\/www.pianodirustano.it\/fr\/?s={search_term_string}\"},\"query-input\":{\"@type\":\"PropertyValueSpecification\",\"valueRequired\":true,\"valueName\":\"search_term_string\"}}],\"inLanguage\":\"fr-FR\"},{\"@type\":\"Organization\",\"@id\":\"https:\/\/www.pianodirustano.it\/fr\/#organization\",\"name\":\"Tenuta Piano di Rustano\",\"url\":\"https:\/\/www.pianodirustano.it\/fr\/\",\"logo\":{\"@type\":\"ImageObject\",\"inLanguage\":\"fr-FR\",\"@id\":\"https:\/\/www.pianodirustano.it\/fr\/#\/schema\/logo\/image\/\",\"url\":\"https:\/\/www.pianodirustano.it\/wp-content\/uploads\/2022\/06\/logo_rustano_nero.png\",\"contentUrl\":\"https:\/\/www.pianodirustano.it\/wp-content\/uploads\/2022\/06\/logo_rustano_nero.png\",\"width\":1181,\"height\":449,\"caption\":\"Tenuta Piano di Rustano\"},\"image\":{\"@id\":\"https:\/\/www.pianodirustano.it\/fr\/#\/schema\/logo\/image\/\"}}]}<\/script>\n<!-- \/ Yoast SEO plugin. -->","yoast_head_json":{"title":"Rustano Wine Resort - Tenuta Piano di Rustano","robots":{"index":"index","follow":"follow","max-snippet":"max-snippet:-1","max-image-preview":"max-image-preview:large","max-video-preview":"max-video-preview:-1"},"canonical":"https:\/\/www.pianodirustano.it\/fr\/le-domaine\/il-borgo\/","og_locale":"fr_FR","og_type":"article","og_title":"Rustano Wine Resort - Tenuta Piano di Rustano","og_description":"IL NUOVO PROGETTO Rustano Wine Resort La Tenuta Piano di Rustano, un&rsquo;azienda agricola con radici profonde che risalgono ai primi del 1900, ha una storia di crescita e trasformazione. Divenuta propriet\u00e0 della famiglia Lebboroni, l&rsquo;azienda si \u00e8 espansa fino a raggiungere i 108 ettari di terreno coltivato, suddivisi in otto poderi. A seguito di una [&hellip;]","og_url":"https:\/\/www.pianodirustano.it\/fr\/le-domaine\/il-borgo\/","og_site_name":"Tenuta Piano di Rustano","article_modified_time":"2025-11-21T17:29:49+00:00","og_image":[{"width":1024,"height":683,"url":"https:\/\/www.pianodirustano.it\/wp-content\/uploads\/2022\/06\/piano_rustano_tenuta-1024x683.jpg","type":"image\/jpeg"}],"twitter_card":"summary_large_image","twitter_misc":{"Dur\u00e9e de lecture estim\u00e9e":"3 minutes"},"schema":{"@context":"https:\/\/schema.org","@graph":[{"@type":"WebPage","@id":"https:\/\/www.pianodirustano.it\/fr\/le-domaine\/il-borgo\/","url":"https:\/\/www.pianodirustano.it\/fr\/le-domaine\/il-borgo\/","name":"Rustano Wine Resort - Tenuta Piano di Rustano","isPartOf":{"@id":"https:\/\/www.pianodirustano.it\/fr\/#website"},"primaryImageOfPage":{"@id":"https:\/\/www.pianodirustano.it\/fr\/le-domaine\/il-borgo\/#primaryimage"},"image":{"@id":"https:\/\/www.pianodirustano.it\/fr\/le-domaine\/il-borgo\/#primaryimage"},"thumbnailUrl":"https:\/\/www.pianodirustano.it\/wp-content\/uploads\/2022\/06\/piano_rustano_tenuta.jpg","datePublished":"2022-06-16T06:29:53+00:00","dateModified":"2025-11-21T17:29:49+00:00","breadcrumb":{"@id":"https:\/\/www.pianodirustano.it\/fr\/le-domaine\/il-borgo\/#breadcrumb"},"inLanguage":"fr-FR","potentialAction":[{"@type":"ReadAction","target":["https:\/\/www.pianodirustano.it\/fr\/le-domaine\/il-borgo\/"]}]},{"@type":"ImageObject","inLanguage":"fr-FR","@id":"https:\/\/www.pianodirustano.it\/fr\/le-domaine\/il-borgo\/#primaryimage","url":"https:\/\/www.pianodirustano.it\/wp-content\/uploads\/2022\/06\/piano_rustano_tenuta.jpg","contentUrl":"https:\/\/www.pianodirustano.it\/wp-content\/uploads\/2022\/06\/piano_rustano_tenuta.jpg","width":2048,"height":1365},{"@type":"BreadcrumbList","@id":"https:\/\/www.pianodirustano.it\/fr\/le-domaine\/il-borgo\/#breadcrumb","itemListElement":[{"@type":"ListItem","position":1,"name":"Home","item":"https:\/\/www.pianodirustano.it\/fr\/"},{"@type":"ListItem","position":2,"name":"Le Domaine","item":"https:\/\/www.pianodirustano.it\/fr\/le-domaine\/"},{"@type":"ListItem","position":3,"name":"Rustano Wine Resort"}]},{"@type":"WebSite","@id":"https:\/\/www.pianodirustano.it\/fr\/#website","url":"https:\/\/www.pianodirustano.it\/fr\/","name":"Tenuta Piano di Rustano","description":"Produciamo con orgoglio vini nobili ed autentici a base di Verdicchio di Matelica","publisher":{"@id":"https:\/\/www.pianodirustano.it\/fr\/#organization"},"potentialAction":[{"@type":"SearchAction","target":{"@type":"EntryPoint","urlTemplate":"https:\/\/www.pianodirustano.it\/fr\/?s={search_term_string}"},"query-input":{"@type":"PropertyValueSpecification","valueRequired":true,"valueName":"search_term_string"}}],"inLanguage":"fr-FR"},{"@type":"Organization","@id":"https:\/\/www.pianodirustano.it\/fr\/#organization","name":"Tenuta Piano di Rustano","url":"https:\/\/www.pianodirustano.it\/fr\/","logo":{"@type":"ImageObject","inLanguage":"fr-FR","@id":"https:\/\/www.pianodirustano.it\/fr\/#\/schema\/logo\/image\/","url":"https:\/\/www.pianodirustano.it\/wp-content\/uploads\/2022\/06\/logo_rustano_nero.png","contentUrl":"https:\/\/www.pianodirustano.it\/wp-content\/uploads\/2022\/06\/logo_rustano_nero.png","width":1181,"height":449,"caption":"Tenuta Piano di Rustano"},"image":{"@id":"https:\/\/www.pianodirustano.it\/fr\/#\/schema\/logo\/image\/"}}]}},"_links":{"self":[{"href":"https:\/\/www.pianodirustano.it\/fr\/wp-json\/wp\/v2\/pages\/1209","targetHints":{"allow":["GET"]}}],"collection":[{"href":"https:\/\/www.pianodirustano.it\/fr\/wp-json\/wp\/v2\/pages"}],"about":[{"href":"https:\/\/www.pianodirustano.it\/fr\/wp-json\/wp\/v2\/types\/page"}],"author":[{"embeddable":true,"href":"https:\/\/www.pianodirustano.it\/fr\/wp-json\/wp\/v2\/users\/1"}],"replies":[{"embeddable":true,"href":"https:\/\/www.pianodirustano.it\/fr\/wp-json\/wp\/v2\/comments?post=1209"}],"version-history":[{"count":43,"href":"https:\/\/www.pianodirustano.it\/fr\/wp-json\/wp\/v2\/pages\/1209\/revisions"}],"predecessor-version":[{"id":1919,"href":"https:\/\/www.pianodirustano.it\/fr\/wp-json\/wp\/v2\/pages\/1209\/revisions\/1919"}],"up":[{"embeddable":true,"href":"https:\/\/www.pianodirustano.it\/fr\/wp-json\/wp\/v2\/pages\/1197"}],"wp:featuredmedia":[{"embeddable":true,"href":"https:\/\/www.pianodirustano.it\/fr\/wp-json\/wp\/v2\/media\/1069"}],"wp:attachment":[{"href":"https:\/\/www.pianodirustano.it\/fr\/wp-json\/wp\/v2\/media?parent=1209"}],"curies":[{"name":"wp","href":"https:\/\/api.w.org\/{rel}","templated":true}]}}