{"id":1218,"date":"2022-06-15T12:41:31","date_gmt":"2022-06-15T10:41:31","guid":{"rendered":"https:\/\/www.pianodirustano.it\/autenticita\/"},"modified":"2023-06-12T10:14:41","modified_gmt":"2023-06-12T08:14:41","slug":"authenticite","status":"publish","type":"page","link":"https:\/\/www.pianodirustano.it\/fr\/nos-vins\/authenticite\/","title":{"rendered":"Authenticit\u00e9"},"content":{"rendered":"\t\t<div data-elementor-type=\"wp-page\" data-elementor-id=\"1218\" class=\"elementor elementor-1218\" data-elementor-post-type=\"page\">\n\t\t\t\t\t\t<section data-particle_enable=\"false\" data-particle-mobile-disabled=\"false\" class=\"elementor-section elementor-top-section elementor-element elementor-element-c24e7a8 elementor-section-height-full elementor-section-boxed elementor-section-height-default elementor-section-items-middle elementor-invisible\" data-id=\"c24e7a8\" data-element_type=\"section\" data-e-type=\"section\" data-settings=\"{&quot;background_background&quot;:&quot;classic&quot;,&quot;animation&quot;:&quot;fadeIn&quot;}\">\n\t\t\t\t\t\t\t<div class=\"elementor-background-overlay\"><\/div>\n\t\t\t\t\t\t\t<div class=\"elementor-container elementor-column-gap-default\">\n\t\t\t\t\t<div class=\"elementor-column elementor-col-100 elementor-top-column elementor-element elementor-element-f27cc9e\" data-id=\"f27cc9e\" data-element_type=\"column\" data-e-type=\"column\">\n\t\t\t<div class=\"elementor-widget-wrap elementor-element-populated\">\n\t\t\t\t\t\t<div class=\"elementor-element elementor-element-0ed3aa3 elementor-widget elementor-widget-spacer\" data-id=\"0ed3aa3\" data-element_type=\"widget\" data-e-type=\"widget\" data-widget_type=\"spacer.default\">\n\t\t\t\t<div class=\"elementor-widget-container\">\n\t\t\t\t\t\t\t<div class=\"elementor-spacer\">\n\t\t\t<div class=\"elementor-spacer-inner\"><\/div>\n\t\t<\/div>\n\t\t\t\t\t\t<\/div>\n\t\t\t\t<\/div>\n\t\t\t\t<div class=\"elementor-element elementor-element-bd57e50 elementor-widget elementor-widget-heading\" data-id=\"bd57e50\" data-element_type=\"widget\" data-e-type=\"widget\" data-widget_type=\"heading.default\">\n\t\t\t\t<div class=\"elementor-widget-container\">\n\t\t\t\t\t<h2 class=\"elementor-heading-title elementor-size-default\">LES BONNES TRADITIONS <BR \/> ONT DES RACINES PROFONDES\n<\/h2>\t\t\t\t<\/div>\n\t\t\t\t<\/div>\n\t\t\t\t\t<\/div>\n\t\t<\/div>\n\t\t\t\t\t<\/div>\n\t\t<\/section>\n\t\t\t\t<section data-particle_enable=\"false\" data-particle-mobile-disabled=\"false\" class=\"elementor-section elementor-top-section elementor-element elementor-element-cb5e537 elementor-section-boxed elementor-section-height-default elementor-section-height-default\" data-id=\"cb5e537\" data-element_type=\"section\" data-e-type=\"section\">\n\t\t\t\t\t\t<div class=\"elementor-container elementor-column-gap-default\">\n\t\t\t\t\t<div class=\"elementor-column elementor-col-50 elementor-top-column elementor-element elementor-element-59962db\" data-id=\"59962db\" data-element_type=\"column\" data-e-type=\"column\">\n\t\t\t<div class=\"elementor-widget-wrap elementor-element-populated\">\n\t\t\t\t\t\t<div class=\"elementor-element elementor-element-dd7035d elementor-widget elementor-widget-heading\" data-id=\"dd7035d\" data-element_type=\"widget\" data-e-type=\"widget\" data-widget_type=\"heading.default\">\n\t\t\t\t<div class=\"elementor-widget-container\">\n\t\t\t\t\t<h2 class=\"elementor-heading-title elementor-size-default\">Le respect des produits et du territoire donne de la valeur \u00e0 notre travail.<br \/><br \/>\n\nTous les processus sont contr\u00f4l\u00e9s et chaque bouteille est tra\u00e7able gr\u00e2ce \u00e0 un QR Code qui permet de voir les caract\u00e9ristiques du vin.<\/h2>\t\t\t\t<\/div>\n\t\t\t\t<\/div>\n\t\t\t\t\t<\/div>\n\t\t<\/div>\n\t\t\t\t<div class=\"elementor-column elementor-col-50 elementor-top-column elementor-element elementor-element-ae011df\" data-id=\"ae011df\" data-element_type=\"column\" data-e-type=\"column\">\n\t\t\t<div class=\"elementor-widget-wrap elementor-element-populated\">\n\t\t\t\t\t\t<div class=\"elementor-element elementor-element-b4d9296 elementor-widget elementor-widget-image\" data-id=\"b4d9296\" data-element_type=\"widget\" data-e-type=\"widget\" data-widget_type=\"image.default\">\n\t\t\t\t<div class=\"elementor-widget-container\">\n\t\t\t\t\t\t\t\t\t\t\t\t\t\t\t<img fetchpriority=\"high\" decoding=\"async\" width=\"314\" height=\"720\" src=\"https:\/\/www.pianodirustano.it\/wp-content\/uploads\/2022\/06\/piano_rustano_vini_passito.jpg\" class=\"attachment-large size-large wp-image-232\" alt=\"\" srcset=\"https:\/\/www.pianodirustano.it\/wp-content\/uploads\/2022\/06\/piano_rustano_vini_passito.jpg 314w, https:\/\/www.pianodirustano.it\/wp-content\/uploads\/2022\/06\/piano_rustano_vini_passito-131x300.jpg 131w\" sizes=\"(max-width: 314px) 100vw, 314px\" \/>\t\t\t\t\t\t\t\t\t\t\t\t\t\t\t<\/div>\n\t\t\t\t<\/div>\n\t\t\t\t\t<\/div>\n\t\t<\/div>\n\t\t\t\t\t<\/div>\n\t\t<\/section>\n\t\t\t\t<\/div>\n\t\t","protected":false},"excerpt":{"rendered":"<p>LES BONNES TRADITIONS ONT DES RACINES PROFONDES Le respect des produits et du territoire donne de la valeur \u00e0 notre travail. Tous les processus sont contr\u00f4l\u00e9s et chaque bouteille est tra\u00e7able gr\u00e2ce \u00e0 un QR Code qui permet de voir les caract\u00e9ristiques du vin.<\/p>\n","protected":false},"author":1,"featured_media":1069,"parent":1271,"menu_order":0,"comment_status":"closed","ping_status":"closed","template":"","meta":{"_eb_attr":"","footnotes":""},"class_list":["post-1218","page","type-page","status-publish","has-post-thumbnail","hentry"],"yoast_head":"<!-- This site is optimized with the Yoast SEO plugin v27.2 - https:\/\/yoast.com\/product\/yoast-seo-wordpress\/ -->\n<title>Authenticit\u00e9 - Tenuta Piano di Rustano<\/title>\n<meta name=\"robots\" content=\"index, follow, max-snippet:-1, max-image-preview:large, max-video-preview:-1\" \/>\n<link rel=\"canonical\" href=\"https:\/\/www.pianodirustano.it\/fr\/nos-vins\/authenticite\/\" \/>\n<meta property=\"og:locale\" content=\"fr_FR\" \/>\n<meta property=\"og:type\" content=\"article\" \/>\n<meta property=\"og:title\" content=\"Authenticit\u00e9 - Tenuta Piano di Rustano\" \/>\n<meta property=\"og:description\" content=\"LES BONNES TRADITIONS ONT DES RACINES PROFONDES Le respect des produits et du territoire donne de la valeur \u00e0 notre travail. Tous les processus sont contr\u00f4l\u00e9s et chaque bouteille est tra\u00e7able gr\u00e2ce \u00e0 un QR Code qui permet de voir les caract\u00e9ristiques du vin.\" \/>\n<meta property=\"og:url\" content=\"https:\/\/www.pianodirustano.it\/fr\/nos-vins\/authenticite\/\" \/>\n<meta property=\"og:site_name\" content=\"Tenuta Piano di Rustano\" \/>\n<meta property=\"article:modified_time\" content=\"2023-06-12T08:14:41+00:00\" \/>\n<meta property=\"og:image\" content=\"https:\/\/www.pianodirustano.it\/wp-content\/uploads\/2022\/06\/piano_rustano_tenuta-1024x683.jpg\" \/>\n\t<meta property=\"og:image:width\" content=\"1024\" \/>\n\t<meta property=\"og:image:height\" content=\"683\" \/>\n\t<meta property=\"og:image:type\" content=\"image\/jpeg\" \/>\n<meta name=\"twitter:card\" content=\"summary_large_image\" \/>\n<meta name=\"twitter:label1\" content=\"Dur\u00e9e de lecture estim\u00e9e\" \/>\n\t<meta name=\"twitter:data1\" content=\"1 minute\" \/>\n<script type=\"application\/ld+json\" class=\"yoast-schema-graph\">{\"@context\":\"https:\/\/schema.org\",\"@graph\":[{\"@type\":\"WebPage\",\"@id\":\"https:\/\/www.pianodirustano.it\/fr\/nos-vins\/authenticite\/\",\"url\":\"https:\/\/www.pianodirustano.it\/fr\/nos-vins\/authenticite\/\",\"name\":\"Authenticit\u00e9 - Tenuta Piano di Rustano\",\"isPartOf\":{\"@id\":\"https:\/\/www.pianodirustano.it\/fr\/#website\"},\"primaryImageOfPage\":{\"@id\":\"https:\/\/www.pianodirustano.it\/fr\/nos-vins\/authenticite\/#primaryimage\"},\"image\":{\"@id\":\"https:\/\/www.pianodirustano.it\/fr\/nos-vins\/authenticite\/#primaryimage\"},\"thumbnailUrl\":\"https:\/\/www.pianodirustano.it\/wp-content\/uploads\/2022\/06\/piano_rustano_tenuta.jpg\",\"datePublished\":\"2022-06-15T10:41:31+00:00\",\"dateModified\":\"2023-06-12T08:14:41+00:00\",\"breadcrumb\":{\"@id\":\"https:\/\/www.pianodirustano.it\/fr\/nos-vins\/authenticite\/#breadcrumb\"},\"inLanguage\":\"fr-FR\",\"potentialAction\":[{\"@type\":\"ReadAction\",\"target\":[\"https:\/\/www.pianodirustano.it\/fr\/nos-vins\/authenticite\/\"]}]},{\"@type\":\"ImageObject\",\"inLanguage\":\"fr-FR\",\"@id\":\"https:\/\/www.pianodirustano.it\/fr\/nos-vins\/authenticite\/#primaryimage\",\"url\":\"https:\/\/www.pianodirustano.it\/wp-content\/uploads\/2022\/06\/piano_rustano_tenuta.jpg\",\"contentUrl\":\"https:\/\/www.pianodirustano.it\/wp-content\/uploads\/2022\/06\/piano_rustano_tenuta.jpg\",\"width\":2048,\"height\":1365},{\"@type\":\"BreadcrumbList\",\"@id\":\"https:\/\/www.pianodirustano.it\/fr\/nos-vins\/authenticite\/#breadcrumb\",\"itemListElement\":[{\"@type\":\"ListItem\",\"position\":1,\"name\":\"Home\",\"item\":\"https:\/\/www.pianodirustano.it\/fr\/\"},{\"@type\":\"ListItem\",\"position\":2,\"name\":\"Nos Vins\",\"item\":\"https:\/\/www.pianodirustano.it\/fr\/nos-vins\/\"},{\"@type\":\"ListItem\",\"position\":3,\"name\":\"Authenticit\u00e9\"}]},{\"@type\":\"WebSite\",\"@id\":\"https:\/\/www.pianodirustano.it\/fr\/#website\",\"url\":\"https:\/\/www.pianodirustano.it\/fr\/\",\"name\":\"Tenuta Piano di Rustano\",\"description\":\"Produciamo con orgoglio vini nobili ed autentici a base di Verdicchio di Matelica\",\"publisher\":{\"@id\":\"https:\/\/www.pianodirustano.it\/fr\/#organization\"},\"potentialAction\":[{\"@type\":\"SearchAction\",\"target\":{\"@type\":\"EntryPoint\",\"urlTemplate\":\"https:\/\/www.pianodirustano.it\/fr\/?s={search_term_string}\"},\"query-input\":{\"@type\":\"PropertyValueSpecification\",\"valueRequired\":true,\"valueName\":\"search_term_string\"}}],\"inLanguage\":\"fr-FR\"},{\"@type\":\"Organization\",\"@id\":\"https:\/\/www.pianodirustano.it\/fr\/#organization\",\"name\":\"Tenuta Piano di Rustano\",\"url\":\"https:\/\/www.pianodirustano.it\/fr\/\",\"logo\":{\"@type\":\"ImageObject\",\"inLanguage\":\"fr-FR\",\"@id\":\"https:\/\/www.pianodirustano.it\/fr\/#\/schema\/logo\/image\/\",\"url\":\"https:\/\/www.pianodirustano.it\/wp-content\/uploads\/2022\/06\/logo_rustano_nero.png\",\"contentUrl\":\"https:\/\/www.pianodirustano.it\/wp-content\/uploads\/2022\/06\/logo_rustano_nero.png\",\"width\":1181,\"height\":449,\"caption\":\"Tenuta Piano di Rustano\"},\"image\":{\"@id\":\"https:\/\/www.pianodirustano.it\/fr\/#\/schema\/logo\/image\/\"}}]}<\/script>\n<!-- \/ Yoast SEO plugin. -->","yoast_head_json":{"title":"Authenticit\u00e9 - Tenuta Piano di Rustano","robots":{"index":"index","follow":"follow","max-snippet":"max-snippet:-1","max-image-preview":"max-image-preview:large","max-video-preview":"max-video-preview:-1"},"canonical":"https:\/\/www.pianodirustano.it\/fr\/nos-vins\/authenticite\/","og_locale":"fr_FR","og_type":"article","og_title":"Authenticit\u00e9 - Tenuta Piano di Rustano","og_description":"LES BONNES TRADITIONS ONT DES RACINES PROFONDES Le respect des produits et du territoire donne de la valeur \u00e0 notre travail. Tous les processus sont contr\u00f4l\u00e9s et chaque bouteille est tra\u00e7able gr\u00e2ce \u00e0 un QR Code qui permet de voir les caract\u00e9ristiques du vin.","og_url":"https:\/\/www.pianodirustano.it\/fr\/nos-vins\/authenticite\/","og_site_name":"Tenuta Piano di Rustano","article_modified_time":"2023-06-12T08:14:41+00:00","og_image":[{"width":1024,"height":683,"url":"https:\/\/www.pianodirustano.it\/wp-content\/uploads\/2022\/06\/piano_rustano_tenuta-1024x683.jpg","type":"image\/jpeg"}],"twitter_card":"summary_large_image","twitter_misc":{"Dur\u00e9e de lecture estim\u00e9e":"1 minute"},"schema":{"@context":"https:\/\/schema.org","@graph":[{"@type":"WebPage","@id":"https:\/\/www.pianodirustano.it\/fr\/nos-vins\/authenticite\/","url":"https:\/\/www.pianodirustano.it\/fr\/nos-vins\/authenticite\/","name":"Authenticit\u00e9 - Tenuta Piano di Rustano","isPartOf":{"@id":"https:\/\/www.pianodirustano.it\/fr\/#website"},"primaryImageOfPage":{"@id":"https:\/\/www.pianodirustano.it\/fr\/nos-vins\/authenticite\/#primaryimage"},"image":{"@id":"https:\/\/www.pianodirustano.it\/fr\/nos-vins\/authenticite\/#primaryimage"},"thumbnailUrl":"https:\/\/www.pianodirustano.it\/wp-content\/uploads\/2022\/06\/piano_rustano_tenuta.jpg","datePublished":"2022-06-15T10:41:31+00:00","dateModified":"2023-06-12T08:14:41+00:00","breadcrumb":{"@id":"https:\/\/www.pianodirustano.it\/fr\/nos-vins\/authenticite\/#breadcrumb"},"inLanguage":"fr-FR","potentialAction":[{"@type":"ReadAction","target":["https:\/\/www.pianodirustano.it\/fr\/nos-vins\/authenticite\/"]}]},{"@type":"ImageObject","inLanguage":"fr-FR","@id":"https:\/\/www.pianodirustano.it\/fr\/nos-vins\/authenticite\/#primaryimage","url":"https:\/\/www.pianodirustano.it\/wp-content\/uploads\/2022\/06\/piano_rustano_tenuta.jpg","contentUrl":"https:\/\/www.pianodirustano.it\/wp-content\/uploads\/2022\/06\/piano_rustano_tenuta.jpg","width":2048,"height":1365},{"@type":"BreadcrumbList","@id":"https:\/\/www.pianodirustano.it\/fr\/nos-vins\/authenticite\/#breadcrumb","itemListElement":[{"@type":"ListItem","position":1,"name":"Home","item":"https:\/\/www.pianodirustano.it\/fr\/"},{"@type":"ListItem","position":2,"name":"Nos Vins","item":"https:\/\/www.pianodirustano.it\/fr\/nos-vins\/"},{"@type":"ListItem","position":3,"name":"Authenticit\u00e9"}]},{"@type":"WebSite","@id":"https:\/\/www.pianodirustano.it\/fr\/#website","url":"https:\/\/www.pianodirustano.it\/fr\/","name":"Tenuta Piano di Rustano","description":"Produciamo con orgoglio vini nobili ed autentici a base di Verdicchio di Matelica","publisher":{"@id":"https:\/\/www.pianodirustano.it\/fr\/#organization"},"potentialAction":[{"@type":"SearchAction","target":{"@type":"EntryPoint","urlTemplate":"https:\/\/www.pianodirustano.it\/fr\/?s={search_term_string}"},"query-input":{"@type":"PropertyValueSpecification","valueRequired":true,"valueName":"search_term_string"}}],"inLanguage":"fr-FR"},{"@type":"Organization","@id":"https:\/\/www.pianodirustano.it\/fr\/#organization","name":"Tenuta Piano di Rustano","url":"https:\/\/www.pianodirustano.it\/fr\/","logo":{"@type":"ImageObject","inLanguage":"fr-FR","@id":"https:\/\/www.pianodirustano.it\/fr\/#\/schema\/logo\/image\/","url":"https:\/\/www.pianodirustano.it\/wp-content\/uploads\/2022\/06\/logo_rustano_nero.png","contentUrl":"https:\/\/www.pianodirustano.it\/wp-content\/uploads\/2022\/06\/logo_rustano_nero.png","width":1181,"height":449,"caption":"Tenuta Piano di Rustano"},"image":{"@id":"https:\/\/www.pianodirustano.it\/fr\/#\/schema\/logo\/image\/"}}]}},"_links":{"self":[{"href":"https:\/\/www.pianodirustano.it\/fr\/wp-json\/wp\/v2\/pages\/1218","targetHints":{"allow":["GET"]}}],"collection":[{"href":"https:\/\/www.pianodirustano.it\/fr\/wp-json\/wp\/v2\/pages"}],"about":[{"href":"https:\/\/www.pianodirustano.it\/fr\/wp-json\/wp\/v2\/types\/page"}],"author":[{"embeddable":true,"href":"https:\/\/www.pianodirustano.it\/fr\/wp-json\/wp\/v2\/users\/1"}],"replies":[{"embeddable":true,"href":"https:\/\/www.pianodirustano.it\/fr\/wp-json\/wp\/v2\/comments?post=1218"}],"version-history":[{"count":4,"href":"https:\/\/www.pianodirustano.it\/fr\/wp-json\/wp\/v2\/pages\/1218\/revisions"}],"predecessor-version":[{"id":1282,"href":"https:\/\/www.pianodirustano.it\/fr\/wp-json\/wp\/v2\/pages\/1218\/revisions\/1282"}],"up":[{"embeddable":true,"href":"https:\/\/www.pianodirustano.it\/fr\/wp-json\/wp\/v2\/pages\/1271"}],"wp:featuredmedia":[{"embeddable":true,"href":"https:\/\/www.pianodirustano.it\/fr\/wp-json\/wp\/v2\/media\/1069"}],"wp:attachment":[{"href":"https:\/\/www.pianodirustano.it\/fr\/wp-json\/wp\/v2\/media?parent=1218"}],"curies":[{"name":"wp","href":"https:\/\/api.w.org\/{rel}","templated":true}]}}