{"id":1180,"date":"2022-06-15T17:01:25","date_gmt":"2022-06-15T15:01:25","guid":{"rendered":"https:\/\/www.pianodirustano.it\/prodotto\/il-covone\/"},"modified":"2023-03-28T12:23:09","modified_gmt":"2023-03-28T10:23:09","slug":"il-covone","status":"publish","type":"product","link":"https:\/\/www.pianodirustano.it\/fr\/prodotto\/il-covone\/","title":{"rendered":"IL COVONE"},"content":{"rendered":"<p>Un c\u00e9page historique du Centre d&rsquo;Italie, comme la Malvasia, originaire et cultiv\u00e9 ici m\u00eame avant le Verdicchio, et un nom qui rappelle le battage du pass\u00e9, la paille et la fatigue dans les champs. Voil\u00e0 IL COVONE, fortement enracin\u00e9 dans les origines de la famille Lebboroni, tout comme le vignoble \u00e2g\u00e9 de 70 ans \u00e0 partir duquel il est produit. Tous les operations de r\u00e9colte et production sont effectu\u00e9s strictement \u00e0 la main. Cette Malvasia, mise en boutelille dans la puret\u00e9, se pr\u00e9sente avec un ar\u00f4me d\u00e9licat et min\u00e9ral et une bonne saveur. Sa couleur est un v\u00e9ritable appel \u00e0 l&rsquo;\u00e9t\u00e9 et au soleil ! Il est le parfait compagnon des ap\u00e9ritifs, des premi\u00e8re plats, des pates.<\/p>\n","protected":false},"excerpt":{"rendered":"<p><b>Marche I.G.T. Malvasia Bianca di Candia<\/b><\/p>\n","protected":false},"featured_media":1168,"comment_status":"open","ping_status":"closed","template":"","meta":{"_eb_attr":""},"product_brand":[],"product_cat":[21],"product_tag":[],"class_list":{"0":"post-1180","1":"product","2":"type-product","3":"status-publish","4":"has-post-thumbnail","6":"product_cat-vino-bianco","8":"first","9":"instock","10":"shipping-taxable","11":"purchasable","12":"product-type-simple"},"yoast_head":"<!-- This site is optimized with the Yoast SEO plugin v27.2 - https:\/\/yoast.com\/product\/yoast-seo-wordpress\/ -->\n<title>IL COVONE - Tenuta Piano di Rustano<\/title>\n<meta name=\"robots\" content=\"index, follow, max-snippet:-1, max-image-preview:large, max-video-preview:-1\" \/>\n<link rel=\"canonical\" href=\"https:\/\/www.pianodirustano.it\/fr\/prodotto\/il-covone\/\" \/>\n<meta property=\"og:locale\" content=\"fr_FR\" \/>\n<meta property=\"og:type\" content=\"article\" \/>\n<meta property=\"og:title\" content=\"IL COVONE - Tenuta Piano di Rustano\" \/>\n<meta property=\"og:description\" content=\"Marche I.G.T. Malvasia Bianca di Candia\" \/>\n<meta property=\"og:url\" content=\"https:\/\/www.pianodirustano.it\/fr\/prodotto\/il-covone\/\" \/>\n<meta property=\"og:site_name\" content=\"Tenuta Piano di Rustano\" \/>\n<meta property=\"article:modified_time\" content=\"2023-03-28T10:23:09+00:00\" \/>\n<meta property=\"og:image\" content=\"https:\/\/www.pianodirustano.it\/wp-content\/uploads\/2022\/08\/Covone-1-697x1024.png\" \/>\n\t<meta property=\"og:image:width\" content=\"697\" \/>\n\t<meta property=\"og:image:height\" content=\"1024\" \/>\n\t<meta property=\"og:image:type\" content=\"image\/png\" \/>\n<meta name=\"twitter:card\" content=\"summary_large_image\" \/>\n<meta name=\"twitter:label1\" content=\"Dur\u00e9e de lecture estim\u00e9e\" \/>\n\t<meta name=\"twitter:data1\" content=\"1 minute\" \/>\n<script type=\"application\/ld+json\" class=\"yoast-schema-graph\">{\"@context\":\"https:\/\/schema.org\",\"@graph\":[{\"@type\":\"WebPage\",\"@id\":\"https:\/\/www.pianodirustano.it\/fr\/prodotto\/il-covone\/\",\"url\":\"https:\/\/www.pianodirustano.it\/fr\/prodotto\/il-covone\/\",\"name\":\"IL COVONE - Tenuta Piano di Rustano\",\"isPartOf\":{\"@id\":\"https:\/\/www.pianodirustano.it\/fr\/#website\"},\"primaryImageOfPage\":{\"@id\":\"https:\/\/www.pianodirustano.it\/fr\/prodotto\/il-covone\/#primaryimage\"},\"image\":{\"@id\":\"https:\/\/www.pianodirustano.it\/fr\/prodotto\/il-covone\/#primaryimage\"},\"thumbnailUrl\":\"https:\/\/www.pianodirustano.it\/wp-content\/uploads\/2022\/08\/Covone-1.png\",\"datePublished\":\"2022-06-15T15:01:25+00:00\",\"dateModified\":\"2023-03-28T10:23:09+00:00\",\"breadcrumb\":{\"@id\":\"https:\/\/www.pianodirustano.it\/fr\/prodotto\/il-covone\/#breadcrumb\"},\"inLanguage\":\"fr-FR\",\"potentialAction\":[{\"@type\":\"ReadAction\",\"target\":[\"https:\/\/www.pianodirustano.it\/fr\/prodotto\/il-covone\/\"]}]},{\"@type\":\"ImageObject\",\"inLanguage\":\"fr-FR\",\"@id\":\"https:\/\/www.pianodirustano.it\/fr\/prodotto\/il-covone\/#primaryimage\",\"url\":\"https:\/\/www.pianodirustano.it\/wp-content\/uploads\/2022\/08\/Covone-1.png\",\"contentUrl\":\"https:\/\/www.pianodirustano.it\/wp-content\/uploads\/2022\/08\/Covone-1.png\",\"width\":4156,\"height\":6109},{\"@type\":\"BreadcrumbList\",\"@id\":\"https:\/\/www.pianodirustano.it\/fr\/prodotto\/il-covone\/#breadcrumb\",\"itemListElement\":[{\"@type\":\"ListItem\",\"position\":1,\"name\":\"Home\",\"item\":\"https:\/\/www.pianodirustano.it\/fr\/\"},{\"@type\":\"ListItem\",\"position\":2,\"name\":\"Produits\",\"item\":\"https:\/\/www.pianodirustano.it\/fr\/shop\/\"},{\"@type\":\"ListItem\",\"position\":3,\"name\":\"IL COVONE\"}]},{\"@type\":\"WebSite\",\"@id\":\"https:\/\/www.pianodirustano.it\/fr\/#website\",\"url\":\"https:\/\/www.pianodirustano.it\/fr\/\",\"name\":\"Tenuta Piano di Rustano\",\"description\":\"Produciamo con orgoglio vini nobili ed autentici a base di Verdicchio di Matelica\",\"publisher\":{\"@id\":\"https:\/\/www.pianodirustano.it\/fr\/#organization\"},\"potentialAction\":[{\"@type\":\"SearchAction\",\"target\":{\"@type\":\"EntryPoint\",\"urlTemplate\":\"https:\/\/www.pianodirustano.it\/fr\/?s={search_term_string}\"},\"query-input\":{\"@type\":\"PropertyValueSpecification\",\"valueRequired\":true,\"valueName\":\"search_term_string\"}}],\"inLanguage\":\"fr-FR\"},{\"@type\":\"Organization\",\"@id\":\"https:\/\/www.pianodirustano.it\/fr\/#organization\",\"name\":\"Tenuta Piano di Rustano\",\"url\":\"https:\/\/www.pianodirustano.it\/fr\/\",\"logo\":{\"@type\":\"ImageObject\",\"inLanguage\":\"fr-FR\",\"@id\":\"https:\/\/www.pianodirustano.it\/fr\/#\/schema\/logo\/image\/\",\"url\":\"https:\/\/www.pianodirustano.it\/wp-content\/uploads\/2022\/06\/logo_rustano_nero.png\",\"contentUrl\":\"https:\/\/www.pianodirustano.it\/wp-content\/uploads\/2022\/06\/logo_rustano_nero.png\",\"width\":1181,\"height\":449,\"caption\":\"Tenuta Piano di Rustano\"},\"image\":{\"@id\":\"https:\/\/www.pianodirustano.it\/fr\/#\/schema\/logo\/image\/\"}}]}<\/script>\n<!-- \/ Yoast SEO plugin. -->","yoast_head_json":{"title":"IL COVONE - Tenuta Piano di Rustano","robots":{"index":"index","follow":"follow","max-snippet":"max-snippet:-1","max-image-preview":"max-image-preview:large","max-video-preview":"max-video-preview:-1"},"canonical":"https:\/\/www.pianodirustano.it\/fr\/prodotto\/il-covone\/","og_locale":"fr_FR","og_type":"article","og_title":"IL COVONE - Tenuta Piano di Rustano","og_description":"Marche I.G.T. Malvasia Bianca di Candia","og_url":"https:\/\/www.pianodirustano.it\/fr\/prodotto\/il-covone\/","og_site_name":"Tenuta Piano di Rustano","article_modified_time":"2023-03-28T10:23:09+00:00","og_image":[{"width":697,"height":1024,"url":"https:\/\/www.pianodirustano.it\/wp-content\/uploads\/2022\/08\/Covone-1-697x1024.png","type":"image\/png"}],"twitter_card":"summary_large_image","twitter_misc":{"Dur\u00e9e de lecture estim\u00e9e":"1 minute"},"schema":{"@context":"https:\/\/schema.org","@graph":[{"@type":"WebPage","@id":"https:\/\/www.pianodirustano.it\/fr\/prodotto\/il-covone\/","url":"https:\/\/www.pianodirustano.it\/fr\/prodotto\/il-covone\/","name":"IL COVONE - Tenuta Piano di Rustano","isPartOf":{"@id":"https:\/\/www.pianodirustano.it\/fr\/#website"},"primaryImageOfPage":{"@id":"https:\/\/www.pianodirustano.it\/fr\/prodotto\/il-covone\/#primaryimage"},"image":{"@id":"https:\/\/www.pianodirustano.it\/fr\/prodotto\/il-covone\/#primaryimage"},"thumbnailUrl":"https:\/\/www.pianodirustano.it\/wp-content\/uploads\/2022\/08\/Covone-1.png","datePublished":"2022-06-15T15:01:25+00:00","dateModified":"2023-03-28T10:23:09+00:00","breadcrumb":{"@id":"https:\/\/www.pianodirustano.it\/fr\/prodotto\/il-covone\/#breadcrumb"},"inLanguage":"fr-FR","potentialAction":[{"@type":"ReadAction","target":["https:\/\/www.pianodirustano.it\/fr\/prodotto\/il-covone\/"]}]},{"@type":"ImageObject","inLanguage":"fr-FR","@id":"https:\/\/www.pianodirustano.it\/fr\/prodotto\/il-covone\/#primaryimage","url":"https:\/\/www.pianodirustano.it\/wp-content\/uploads\/2022\/08\/Covone-1.png","contentUrl":"https:\/\/www.pianodirustano.it\/wp-content\/uploads\/2022\/08\/Covone-1.png","width":4156,"height":6109},{"@type":"BreadcrumbList","@id":"https:\/\/www.pianodirustano.it\/fr\/prodotto\/il-covone\/#breadcrumb","itemListElement":[{"@type":"ListItem","position":1,"name":"Home","item":"https:\/\/www.pianodirustano.it\/fr\/"},{"@type":"ListItem","position":2,"name":"Produits","item":"https:\/\/www.pianodirustano.it\/fr\/shop\/"},{"@type":"ListItem","position":3,"name":"IL COVONE"}]},{"@type":"WebSite","@id":"https:\/\/www.pianodirustano.it\/fr\/#website","url":"https:\/\/www.pianodirustano.it\/fr\/","name":"Tenuta Piano di Rustano","description":"Produciamo con orgoglio vini nobili ed autentici a base di Verdicchio di Matelica","publisher":{"@id":"https:\/\/www.pianodirustano.it\/fr\/#organization"},"potentialAction":[{"@type":"SearchAction","target":{"@type":"EntryPoint","urlTemplate":"https:\/\/www.pianodirustano.it\/fr\/?s={search_term_string}"},"query-input":{"@type":"PropertyValueSpecification","valueRequired":true,"valueName":"search_term_string"}}],"inLanguage":"fr-FR"},{"@type":"Organization","@id":"https:\/\/www.pianodirustano.it\/fr\/#organization","name":"Tenuta Piano di Rustano","url":"https:\/\/www.pianodirustano.it\/fr\/","logo":{"@type":"ImageObject","inLanguage":"fr-FR","@id":"https:\/\/www.pianodirustano.it\/fr\/#\/schema\/logo\/image\/","url":"https:\/\/www.pianodirustano.it\/wp-content\/uploads\/2022\/06\/logo_rustano_nero.png","contentUrl":"https:\/\/www.pianodirustano.it\/wp-content\/uploads\/2022\/06\/logo_rustano_nero.png","width":1181,"height":449,"caption":"Tenuta Piano di Rustano"},"image":{"@id":"https:\/\/www.pianodirustano.it\/fr\/#\/schema\/logo\/image\/"}}]}},"_links":{"self":[{"href":"https:\/\/www.pianodirustano.it\/fr\/wp-json\/wp\/v2\/product\/1180","targetHints":{"allow":["GET"]}}],"collection":[{"href":"https:\/\/www.pianodirustano.it\/fr\/wp-json\/wp\/v2\/product"}],"about":[{"href":"https:\/\/www.pianodirustano.it\/fr\/wp-json\/wp\/v2\/types\/product"}],"replies":[{"embeddable":true,"href":"https:\/\/www.pianodirustano.it\/fr\/wp-json\/wp\/v2\/comments?post=1180"}],"wp:featuredmedia":[{"embeddable":true,"href":"https:\/\/www.pianodirustano.it\/fr\/wp-json\/wp\/v2\/media\/1168"}],"wp:attachment":[{"href":"https:\/\/www.pianodirustano.it\/fr\/wp-json\/wp\/v2\/media?parent=1180"}],"wp:term":[{"taxonomy":"product_brand","embeddable":true,"href":"https:\/\/www.pianodirustano.it\/fr\/wp-json\/wp\/v2\/product_brand?post=1180"},{"taxonomy":"product_cat","embeddable":true,"href":"https:\/\/www.pianodirustano.it\/fr\/wp-json\/wp\/v2\/product_cat?post=1180"},{"taxonomy":"product_tag","embeddable":true,"href":"https:\/\/www.pianodirustano.it\/fr\/wp-json\/wp\/v2\/product_tag?post=1180"}],"curies":[{"name":"wp","href":"https:\/\/api.w.org\/{rel}","templated":true}]}}