{"id":1195,"date":"2022-06-15T16:59:20","date_gmt":"2022-06-15T14:59:20","guid":{"rendered":"https:\/\/www.pianodirustano.it\/prodotto\/cavalier-vincenzo\/"},"modified":"2023-03-28T12:32:50","modified_gmt":"2023-03-28T10:32:50","slug":"cavalier-vincenzo","status":"publish","type":"product","link":"https:\/\/www.pianodirustano.it\/fr\/prodotto\/cavalier-vincenzo\/","title":{"rendered":"CAVALIER VINCENZO"},"content":{"rendered":"<p>Une s\u00e9lection de raisins purs Verdicchio, cultiv\u00e9s dans un terroir sp\u00e9cial qui donne fra\u00eecheur et min\u00e9ralit\u00e9 du vin, donne vie \u00e0 ce vin mousseux de m\u00e9thode classique qui s&rsquo;affine longtemps dans le calme de nos grottes. Perlage jaune paille, fin et persistant. Au nez, il est enveloppant et intense avec des notes de pomme, de fleurs sauvages et un d\u00e9licat parfum de levure. Les ar\u00f4mes du nez se confirment en bouche mais avec une agr\u00e9able \u00e9treinte fra\u00eeche et min\u00e9rale. En bouche cloture avec \u00e9l\u00e9gance et virtuosit\u00e9. Un vin mousseux pour d\u2019ap\u00e9ritif et de cocktail raffin\u00e9 mais qui saura aussi un bon companion pour les combinaisons avec tout le repas.<\/p>\n","protected":false},"excerpt":{"rendered":"<p>Une s\u00e9lection de raisins purs Verdicchio, cultiv\u00e9s dans un terroir sp\u00e9cial qui donne fra\u00eecheur et min\u00e9ralit\u00e9 du vin, donne vie \u00e0 ce vin mousseux de m\u00e9thode classique qui s&rsquo;affine longtemps dans le calme de nos grottes. Perlage jaune paille, fin et persistant. Au nez, il est enveloppant et intense avec des notes de pomme, de [&hellip;]<\/p>\n","protected":false},"featured_media":1167,"comment_status":"open","ping_status":"closed","template":"","meta":{"_eb_attr":""},"product_brand":[],"product_cat":[25],"product_tag":[],"class_list":{"0":"post-1195","1":"product","2":"type-product","3":"status-publish","4":"has-post-thumbnail","6":"product_cat-spumante","8":"first","9":"instock","10":"shipping-taxable","11":"purchasable","12":"product-type-simple"},"yoast_head":"<!-- This site is optimized with the Yoast SEO plugin v27.2 - https:\/\/yoast.com\/product\/yoast-seo-wordpress\/ -->\n<title>CAVALIER VINCENZO - Tenuta Piano di Rustano<\/title>\n<meta name=\"robots\" content=\"index, follow, max-snippet:-1, max-image-preview:large, max-video-preview:-1\" \/>\n<link rel=\"canonical\" href=\"https:\/\/www.pianodirustano.it\/fr\/prodotto\/cavalier-vincenzo\/\" \/>\n<meta property=\"og:locale\" content=\"fr_FR\" \/>\n<meta property=\"og:type\" content=\"article\" \/>\n<meta property=\"og:title\" content=\"CAVALIER VINCENZO - Tenuta Piano di Rustano\" \/>\n<meta property=\"og:description\" content=\"Une s\u00e9lection de raisins purs Verdicchio, cultiv\u00e9s dans un terroir sp\u00e9cial qui donne fra\u00eecheur et min\u00e9ralit\u00e9 du vin, donne vie \u00e0 ce vin mousseux de m\u00e9thode classique qui s&rsquo;affine longtemps dans le calme de nos grottes. Perlage jaune paille, fin et persistant. Au nez, il est enveloppant et intense avec des notes de pomme, de [&hellip;]\" \/>\n<meta property=\"og:url\" content=\"https:\/\/www.pianodirustano.it\/fr\/prodotto\/cavalier-vincenzo\/\" \/>\n<meta property=\"og:site_name\" content=\"Tenuta Piano di Rustano\" \/>\n<meta property=\"article:modified_time\" content=\"2023-03-28T10:32:50+00:00\" \/>\n<meta property=\"og:image\" content=\"https:\/\/www.pianodirustano.it\/wp-content\/uploads\/2022\/08\/CavalierVincenzo-1-697x1024.png\" \/>\n\t<meta property=\"og:image:width\" content=\"697\" \/>\n\t<meta property=\"og:image:height\" content=\"1024\" \/>\n\t<meta property=\"og:image:type\" content=\"image\/png\" \/>\n<meta name=\"twitter:card\" content=\"summary_large_image\" \/>\n<meta name=\"twitter:label1\" content=\"Dur\u00e9e de lecture estim\u00e9e\" \/>\n\t<meta name=\"twitter:data1\" content=\"1 minute\" \/>\n<script type=\"application\/ld+json\" class=\"yoast-schema-graph\">{\"@context\":\"https:\/\/schema.org\",\"@graph\":[{\"@type\":\"WebPage\",\"@id\":\"https:\/\/www.pianodirustano.it\/fr\/prodotto\/cavalier-vincenzo\/\",\"url\":\"https:\/\/www.pianodirustano.it\/fr\/prodotto\/cavalier-vincenzo\/\",\"name\":\"CAVALIER VINCENZO - Tenuta Piano di Rustano\",\"isPartOf\":{\"@id\":\"https:\/\/www.pianodirustano.it\/fr\/#website\"},\"primaryImageOfPage\":{\"@id\":\"https:\/\/www.pianodirustano.it\/fr\/prodotto\/cavalier-vincenzo\/#primaryimage\"},\"image\":{\"@id\":\"https:\/\/www.pianodirustano.it\/fr\/prodotto\/cavalier-vincenzo\/#primaryimage\"},\"thumbnailUrl\":\"https:\/\/www.pianodirustano.it\/wp-content\/uploads\/2022\/08\/CavalierVincenzo-1.png\",\"datePublished\":\"2022-06-15T14:59:20+00:00\",\"dateModified\":\"2023-03-28T10:32:50+00:00\",\"breadcrumb\":{\"@id\":\"https:\/\/www.pianodirustano.it\/fr\/prodotto\/cavalier-vincenzo\/#breadcrumb\"},\"inLanguage\":\"fr-FR\",\"potentialAction\":[{\"@type\":\"ReadAction\",\"target\":[\"https:\/\/www.pianodirustano.it\/fr\/prodotto\/cavalier-vincenzo\/\"]}]},{\"@type\":\"ImageObject\",\"inLanguage\":\"fr-FR\",\"@id\":\"https:\/\/www.pianodirustano.it\/fr\/prodotto\/cavalier-vincenzo\/#primaryimage\",\"url\":\"https:\/\/www.pianodirustano.it\/wp-content\/uploads\/2022\/08\/CavalierVincenzo-1.png\",\"contentUrl\":\"https:\/\/www.pianodirustano.it\/wp-content\/uploads\/2022\/08\/CavalierVincenzo-1.png\",\"width\":4156,\"height\":6109},{\"@type\":\"BreadcrumbList\",\"@id\":\"https:\/\/www.pianodirustano.it\/fr\/prodotto\/cavalier-vincenzo\/#breadcrumb\",\"itemListElement\":[{\"@type\":\"ListItem\",\"position\":1,\"name\":\"Home\",\"item\":\"https:\/\/www.pianodirustano.it\/fr\/\"},{\"@type\":\"ListItem\",\"position\":2,\"name\":\"Produits\",\"item\":\"https:\/\/www.pianodirustano.it\/fr\/shop\/\"},{\"@type\":\"ListItem\",\"position\":3,\"name\":\"CAVALIER VINCENZO\"}]},{\"@type\":\"WebSite\",\"@id\":\"https:\/\/www.pianodirustano.it\/fr\/#website\",\"url\":\"https:\/\/www.pianodirustano.it\/fr\/\",\"name\":\"Tenuta Piano di Rustano\",\"description\":\"Produciamo con orgoglio vini nobili ed autentici a base di Verdicchio di Matelica\",\"publisher\":{\"@id\":\"https:\/\/www.pianodirustano.it\/fr\/#organization\"},\"potentialAction\":[{\"@type\":\"SearchAction\",\"target\":{\"@type\":\"EntryPoint\",\"urlTemplate\":\"https:\/\/www.pianodirustano.it\/fr\/?s={search_term_string}\"},\"query-input\":{\"@type\":\"PropertyValueSpecification\",\"valueRequired\":true,\"valueName\":\"search_term_string\"}}],\"inLanguage\":\"fr-FR\"},{\"@type\":\"Organization\",\"@id\":\"https:\/\/www.pianodirustano.it\/fr\/#organization\",\"name\":\"Tenuta Piano di Rustano\",\"url\":\"https:\/\/www.pianodirustano.it\/fr\/\",\"logo\":{\"@type\":\"ImageObject\",\"inLanguage\":\"fr-FR\",\"@id\":\"https:\/\/www.pianodirustano.it\/fr\/#\/schema\/logo\/image\/\",\"url\":\"https:\/\/www.pianodirustano.it\/wp-content\/uploads\/2022\/06\/logo_rustano_nero.png\",\"contentUrl\":\"https:\/\/www.pianodirustano.it\/wp-content\/uploads\/2022\/06\/logo_rustano_nero.png\",\"width\":1181,\"height\":449,\"caption\":\"Tenuta Piano di Rustano\"},\"image\":{\"@id\":\"https:\/\/www.pianodirustano.it\/fr\/#\/schema\/logo\/image\/\"}}]}<\/script>\n<!-- \/ Yoast SEO plugin. -->","yoast_head_json":{"title":"CAVALIER VINCENZO - Tenuta Piano di Rustano","robots":{"index":"index","follow":"follow","max-snippet":"max-snippet:-1","max-image-preview":"max-image-preview:large","max-video-preview":"max-video-preview:-1"},"canonical":"https:\/\/www.pianodirustano.it\/fr\/prodotto\/cavalier-vincenzo\/","og_locale":"fr_FR","og_type":"article","og_title":"CAVALIER VINCENZO - Tenuta Piano di Rustano","og_description":"Une s\u00e9lection de raisins purs Verdicchio, cultiv\u00e9s dans un terroir sp\u00e9cial qui donne fra\u00eecheur et min\u00e9ralit\u00e9 du vin, donne vie \u00e0 ce vin mousseux de m\u00e9thode classique qui s&rsquo;affine longtemps dans le calme de nos grottes. Perlage jaune paille, fin et persistant. Au nez, il est enveloppant et intense avec des notes de pomme, de [&hellip;]","og_url":"https:\/\/www.pianodirustano.it\/fr\/prodotto\/cavalier-vincenzo\/","og_site_name":"Tenuta Piano di Rustano","article_modified_time":"2023-03-28T10:32:50+00:00","og_image":[{"width":697,"height":1024,"url":"https:\/\/www.pianodirustano.it\/wp-content\/uploads\/2022\/08\/CavalierVincenzo-1-697x1024.png","type":"image\/png"}],"twitter_card":"summary_large_image","twitter_misc":{"Dur\u00e9e de lecture estim\u00e9e":"1 minute"},"schema":{"@context":"https:\/\/schema.org","@graph":[{"@type":"WebPage","@id":"https:\/\/www.pianodirustano.it\/fr\/prodotto\/cavalier-vincenzo\/","url":"https:\/\/www.pianodirustano.it\/fr\/prodotto\/cavalier-vincenzo\/","name":"CAVALIER VINCENZO - Tenuta Piano di Rustano","isPartOf":{"@id":"https:\/\/www.pianodirustano.it\/fr\/#website"},"primaryImageOfPage":{"@id":"https:\/\/www.pianodirustano.it\/fr\/prodotto\/cavalier-vincenzo\/#primaryimage"},"image":{"@id":"https:\/\/www.pianodirustano.it\/fr\/prodotto\/cavalier-vincenzo\/#primaryimage"},"thumbnailUrl":"https:\/\/www.pianodirustano.it\/wp-content\/uploads\/2022\/08\/CavalierVincenzo-1.png","datePublished":"2022-06-15T14:59:20+00:00","dateModified":"2023-03-28T10:32:50+00:00","breadcrumb":{"@id":"https:\/\/www.pianodirustano.it\/fr\/prodotto\/cavalier-vincenzo\/#breadcrumb"},"inLanguage":"fr-FR","potentialAction":[{"@type":"ReadAction","target":["https:\/\/www.pianodirustano.it\/fr\/prodotto\/cavalier-vincenzo\/"]}]},{"@type":"ImageObject","inLanguage":"fr-FR","@id":"https:\/\/www.pianodirustano.it\/fr\/prodotto\/cavalier-vincenzo\/#primaryimage","url":"https:\/\/www.pianodirustano.it\/wp-content\/uploads\/2022\/08\/CavalierVincenzo-1.png","contentUrl":"https:\/\/www.pianodirustano.it\/wp-content\/uploads\/2022\/08\/CavalierVincenzo-1.png","width":4156,"height":6109},{"@type":"BreadcrumbList","@id":"https:\/\/www.pianodirustano.it\/fr\/prodotto\/cavalier-vincenzo\/#breadcrumb","itemListElement":[{"@type":"ListItem","position":1,"name":"Home","item":"https:\/\/www.pianodirustano.it\/fr\/"},{"@type":"ListItem","position":2,"name":"Produits","item":"https:\/\/www.pianodirustano.it\/fr\/shop\/"},{"@type":"ListItem","position":3,"name":"CAVALIER VINCENZO"}]},{"@type":"WebSite","@id":"https:\/\/www.pianodirustano.it\/fr\/#website","url":"https:\/\/www.pianodirustano.it\/fr\/","name":"Tenuta Piano di Rustano","description":"Produciamo con orgoglio vini nobili ed autentici a base di Verdicchio di Matelica","publisher":{"@id":"https:\/\/www.pianodirustano.it\/fr\/#organization"},"potentialAction":[{"@type":"SearchAction","target":{"@type":"EntryPoint","urlTemplate":"https:\/\/www.pianodirustano.it\/fr\/?s={search_term_string}"},"query-input":{"@type":"PropertyValueSpecification","valueRequired":true,"valueName":"search_term_string"}}],"inLanguage":"fr-FR"},{"@type":"Organization","@id":"https:\/\/www.pianodirustano.it\/fr\/#organization","name":"Tenuta Piano di Rustano","url":"https:\/\/www.pianodirustano.it\/fr\/","logo":{"@type":"ImageObject","inLanguage":"fr-FR","@id":"https:\/\/www.pianodirustano.it\/fr\/#\/schema\/logo\/image\/","url":"https:\/\/www.pianodirustano.it\/wp-content\/uploads\/2022\/06\/logo_rustano_nero.png","contentUrl":"https:\/\/www.pianodirustano.it\/wp-content\/uploads\/2022\/06\/logo_rustano_nero.png","width":1181,"height":449,"caption":"Tenuta Piano di Rustano"},"image":{"@id":"https:\/\/www.pianodirustano.it\/fr\/#\/schema\/logo\/image\/"}}]}},"_links":{"self":[{"href":"https:\/\/www.pianodirustano.it\/fr\/wp-json\/wp\/v2\/product\/1195","targetHints":{"allow":["GET"]}}],"collection":[{"href":"https:\/\/www.pianodirustano.it\/fr\/wp-json\/wp\/v2\/product"}],"about":[{"href":"https:\/\/www.pianodirustano.it\/fr\/wp-json\/wp\/v2\/types\/product"}],"replies":[{"embeddable":true,"href":"https:\/\/www.pianodirustano.it\/fr\/wp-json\/wp\/v2\/comments?post=1195"}],"wp:featuredmedia":[{"embeddable":true,"href":"https:\/\/www.pianodirustano.it\/fr\/wp-json\/wp\/v2\/media\/1167"}],"wp:attachment":[{"href":"https:\/\/www.pianodirustano.it\/fr\/wp-json\/wp\/v2\/media?parent=1195"}],"wp:term":[{"taxonomy":"product_brand","embeddable":true,"href":"https:\/\/www.pianodirustano.it\/fr\/wp-json\/wp\/v2\/product_brand?post=1195"},{"taxonomy":"product_cat","embeddable":true,"href":"https:\/\/www.pianodirustano.it\/fr\/wp-json\/wp\/v2\/product_cat?post=1195"},{"taxonomy":"product_tag","embeddable":true,"href":"https:\/\/www.pianodirustano.it\/fr\/wp-json\/wp\/v2\/product_tag?post=1195"}],"curies":[{"name":"wp","href":"https:\/\/api.w.org\/{rel}","templated":true}]}}